{"id":427,"date":"2025-02-14T22:06:45","date_gmt":"2025-02-14T21:06:45","guid":{"rendered":"https:\/\/monterra.hr\/about-us\/"},"modified":"2025-04-25T14:24:54","modified_gmt":"2025-04-25T12:24:54","slug":"about-us","status":"publish","type":"page","link":"https:\/\/monterra.hr\/en\/about-us\/","title":{"rendered":"About us"},"content":{"rendered":"\n<div class=\"wp-block-group page intro alignfull position-relative mb-5 mb-md-0\"><div class=\"wp-block-group__inner-container is-layout-constrained wp-block-group-is-layout-constrained\">\n<figure class=\"wp-block-image size-full\"><img loading=\"lazy\" decoding=\"async\" width=\"1920\" height=\"1103\" src=\"https:\/\/monterra.hr\/wp-content\/uploads\/2025\/04\/DJI_0058a.jpg\" alt=\"\" class=\"wp-image-774\" srcset=\"https:\/\/monterra.hr\/wp-content\/uploads\/2025\/04\/DJI_0058a.jpg 1920w, https:\/\/monterra.hr\/wp-content\/uploads\/2025\/04\/DJI_0058a-300x172.jpg 300w, https:\/\/monterra.hr\/wp-content\/uploads\/2025\/04\/DJI_0058a-1024x588.jpg 1024w, https:\/\/monterra.hr\/wp-content\/uploads\/2025\/04\/DJI_0058a-768x441.jpg 768w, https:\/\/monterra.hr\/wp-content\/uploads\/2025\/04\/DJI_0058a-1536x882.jpg 1536w\" sizes=\"auto, (max-width: 1920px) 100vw, 1920px\" \/><\/figure>\n\n\n\n<div class=\"wp-block-columns is-layout-flex wp-container-core-columns-is-layout-9d6595d7 wp-block-columns-is-layout-flex\">\n<div class=\"wp-block-column d-flex flex-column justify-content-center has-white-color has-darkgray-background-color has-text-color has-background has-link-color wp-elements-0049c788560e2de104795b011c33c7ca is-layout-flow wp-block-column-is-layout-flow\">\n<h1 class=\"wp-block-heading has-text-align-center mb-4 has-white-color has-text-color has-link-color wp-elements-11c4047f4e2b2cab6c057f6827996cbc\" data-aos=\"fade\" data-aos-delay=\"250\" data-aos-duration=\"500\">About us<\/h1>\n\n\n\n<p class=\"has-text-align-center has-white-color has-text-color has-link-color wp-elements-b46a3422f233ad8da83bf46f9331b552\" data-aos=\"fade\" data-aos-delay=\"250\" data-aos-duration=\"500\">Monterra: innovation to the very top!<\/p>\n<\/div>\n<\/div>\n<\/div><\/div>\n\n<div class=\"wp-block-columns w-xxl-80 mx-auto gap-0 gap-xl-5 my-lg-5 py-md-3 py-lg-5 is-layout-flex wp-container-core-columns-is-layout-9d6595d7 wp-block-columns-is-layout-flex\" data-aos=\"fade-up\" data-aos-delay=\"250\" data-aos-duration=\"500\">\n<div class=\"wp-block-column is-layout-flow wp-block-column-is-layout-flow\">\n<h2 class=\"wp-block-heading h1 has-darkgray-color has-text-color has-link-color wp-elements-638a1733846ef57f2fff81d04383dd9e\">Tvrtka za geotehniku i geomehaniku<\/h2>\n<\/div>\n\n\n\n<div class=\"wp-block-column pt-lg-5 mt-lg-5 is-layout-flow wp-block-column-is-layout-flow\">\n<p>Monterra doo was founded in 2011. and positioned itself as one of the leading engineering companies in the region for the execution of geotechnical and geomechanical works. It particularly excels in the field of performing rockfall protection and rehabilitation, installing shotcrete, and installing various types of geotechnical anchors, as well as other demanding work at height.<\/p>\n\n\n\n<p>Na\u0161a misija je kontinuirano pru\u017eanje kompletnih rje\u0161enja i vrhunske kvalitete, vo\u0111eni stra\u0161\u0107u za inovacijama i stalnim ulaganjem u na\u0161e ljude, znanja i tehnologije. <\/p>\n\n\n\n<p>Our business success is based on integrity, transparent communication and continuous development of innovative solutions and products. We strive to provide added value to our business partners and contribute to a higher level of construction quality in the domestic and regional markets.<\/p>\n\n\n\n<p>Nositelji smo AAA certifikata o bonitetnoj izvrsnosti, kao i certifikata ISO 9001.<\/p>\n<\/div>\n<\/div>\n\n<div class=\"wp-block-columns mb-0 is-layout-flex wp-container-core-columns-is-layout-9d6595d7 wp-block-columns-is-layout-flex\" data-aos=\"fade-up\" data-aos-delay=\"250\" data-aos-duration=\"500\">\n<div class=\"wp-block-column is-vertically-aligned-center mb-0 is-layout-flow wp-block-column-is-layout-flow\" style=\"flex-basis:100%\">\n<figure class=\"wp-block-image size-full w-100 mb-0 vt-img-box img-pb-100 img-pb-md-50 img-pb-xl-30 object-fit-cover\"><img loading=\"lazy\" decoding=\"async\" width=\"1600\" height=\"1200\" src=\"https:\/\/monterra.hr\/wp-content\/uploads\/2025\/02\/monterra-radovi-autocesta-hrvatska.jpg\" alt=\"\" class=\"wp-image-79\" srcset=\"https:\/\/monterra.hr\/wp-content\/uploads\/2025\/02\/monterra-radovi-autocesta-hrvatska.jpg 1600w, https:\/\/monterra.hr\/wp-content\/uploads\/2025\/02\/monterra-radovi-autocesta-hrvatska-300x225.jpg 300w, https:\/\/monterra.hr\/wp-content\/uploads\/2025\/02\/monterra-radovi-autocesta-hrvatska-1024x768.jpg 1024w, https:\/\/monterra.hr\/wp-content\/uploads\/2025\/02\/monterra-radovi-autocesta-hrvatska-768x576.jpg 768w, https:\/\/monterra.hr\/wp-content\/uploads\/2025\/02\/monterra-radovi-autocesta-hrvatska-1536x1152.jpg 1536w\" sizes=\"auto, (max-width: 1600px) 100vw, 1600px\" \/><\/figure>\n<\/div>\n<\/div>\n\n<div class=\"wp-block-columns w-xxl-80 mx-auto py-md-3 py-lg-5 is-layout-flex wp-container-core-columns-is-layout-9d6595d7 wp-block-columns-is-layout-flex\" data-aos=\"fade-up\" data-aos-delay=\"250\" data-aos-duration=\"500\">\n<div class=\"wp-block-column is-layout-flow wp-block-column-is-layout-flow\"><\/div>\n\n\n\n<div class=\"wp-block-column py-lg-5 is-layout-flow wp-block-column-is-layout-flow\">\n<p>Years of investment in people and equipment have led us to the position of the leading company in the region for geotechnical works. Our team of young engineers provides clients with a complete service from design to execution of geomechanical works.<\/p>\n<\/div>\n<\/div>\n\n<div class=\"wp-block-columns w-xxl-80 mx-auto gap-0 gap-xl-5 my-lg-5 py-md-3 py-lg-5 is-layout-flex wp-container-core-columns-is-layout-9d6595d7 wp-block-columns-is-layout-flex\" data-aos=\"fade-up\" data-aos-delay=\"250\" data-aos-duration=\"500\">\n<div class=\"wp-block-column is-layout-flow wp-block-column-is-layout-flow\">\n<h2 class=\"wp-block-heading h1 has-darkgray-color has-text-color has-link-color wp-elements-92d4ff0d2b83e385d60df03ce549a740\">Regionalno poslovanje i rast<\/h2>\n<\/div>\n\n\n\n<div class=\"wp-block-column pt-lg-5 mt-lg-5 is-layout-flow wp-block-column-is-layout-flow\">\n<p>Zahvaljuju\u0107i velikom broju stru\u010dnjaka, inovativnih tehnologija i kontinuiranom ulaganju u razvoj, osim u Hrvatskoj, uspje\u0161no poslujemo na tr\u017ei\u0161tima Slovenije, Bosne i Hercegovine te Srbije.<\/p>\n\n\n\n<p>In Ogulin, a key intersection of roads to Rijeka and Zagreb, or to Split and Dubrovnik, but also a connection to Central Europe and the Mediterranean, the company has its own warehouse and production facility. Active offices are located in Rijeka, Samobor, Maribor, Ilirska Bistrica, Belgrade.  <\/p>\n<\/div>\n<\/div>\n\n<div class=\"wp-block-group banner-cta alignfull position-relative mb-5 mb-md-0\"><div class=\"wp-block-group__inner-container is-layout-constrained wp-block-group-is-layout-constrained\">\n<figure class=\"wp-block-image size-full\"><img loading=\"lazy\" decoding=\"async\" width=\"2000\" height=\"500\" src=\"https:\/\/monterra.hr\/wp-content\/uploads\/2025\/02\/monterra-djelatnosti-zastita-pokosa-1.jpg\" alt=\"\" class=\"wp-image-101\" srcset=\"https:\/\/monterra.hr\/wp-content\/uploads\/2025\/02\/monterra-djelatnosti-zastita-pokosa-1.jpg 2000w, https:\/\/monterra.hr\/wp-content\/uploads\/2025\/02\/monterra-djelatnosti-zastita-pokosa-1-300x75.jpg 300w, https:\/\/monterra.hr\/wp-content\/uploads\/2025\/02\/monterra-djelatnosti-zastita-pokosa-1-1024x256.jpg 1024w, https:\/\/monterra.hr\/wp-content\/uploads\/2025\/02\/monterra-djelatnosti-zastita-pokosa-1-768x192.jpg 768w, https:\/\/monterra.hr\/wp-content\/uploads\/2025\/02\/monterra-djelatnosti-zastita-pokosa-1-1536x384.jpg 1536w\" sizes=\"auto, (max-width: 2000px) 100vw, 2000px\" \/><\/figure>\n\n\n\n<div class=\"wp-block-columns d-flex flex-column justify-content-center is-layout-flex wp-container-core-columns-is-layout-9d6595d7 wp-block-columns-is-layout-flex\">\n<div class=\"wp-block-column d-flex flex-column justify-content-center has-white-color has-darkgray-background-color has-text-color has-background has-link-color wp-elements-4bb5e5967bbab5409dbfa96696814e3d is-layout-flow wp-block-column-is-layout-flow\">\n<h3 class=\"wp-block-heading has-text-align-center h1 mb-4 has-white-color has-text-color has-link-color wp-elements-de09e65eefb51824c2798bd9e5bb6c2e\">Monterra services<\/h3>\n\n\n\n<div class=\"wp-block-buttons is-content-justification-center is-layout-flex wp-container-core-buttons-is-layout-16018d1d wp-block-buttons-is-layout-flex\">\n<div class=\"wp-block-button\"><a class=\"wp-block-button__link wp-element-button\" href=\"https:\/\/monterra.hr\/en\/services\/\" rel=\"\/djelatnosti\/\">Read more<\/a><\/div>\n<\/div>\n<\/div>\n<\/div>\n<\/div><\/div>\n","protected":false},"excerpt":{"rendered":"<p>About us Monterra: innovation to the very top! Tvrtka za geotehniku i geomehaniku Monterra doo was founded in 2011. and positioned itself as one of the leading engineering companies in the region for the execution of geotechnical and geomechanical works. It particularly excels in the field of performing rockfall protection and rehabilitation, installing shotcrete, and <\/p>\n<p class=\"p-0 mb-0\"><a class=\"btn btn-secondary px-0 mb-0 virtualna-read-more-link\" href=\"https:\/\/monterra.hr\/en\/about-us\/\">Read more &#8211; &#8211; ><span class=\"screen-reader-text\"> from About us<\/span><\/a><\/p>\n","protected":false},"author":1,"featured_media":0,"parent":0,"menu_order":0,"comment_status":"closed","ping_status":"closed","template":"page-templates\/editor-title.php","meta":{"footnotes":""},"class_list":["post-427","page","type-page","status-publish","hentry"],"yoast_head":"<!-- This site is optimized with the Yoast SEO plugin v24.7 - https:\/\/yoast.com\/wordpress\/plugins\/seo\/ -->\n<title>About us - Monterra - Experience and Quality Frist<\/title>\n<meta name=\"description\" content=\"Get to know Monterra \u2013 a company with years of experience in innovative solutions for the construction sector. Our mission is quality and reliability.\" \/>\n<meta name=\"robots\" content=\"index, follow, max-snippet:-1, max-image-preview:large, max-video-preview:-1\" \/>\n<link rel=\"canonical\" href=\"https:\/\/monterra.hr\/en\/about-us\/\" \/>\n<meta property=\"og:locale\" content=\"en_US\" \/>\n<meta property=\"og:type\" content=\"article\" \/>\n<meta property=\"og:title\" content=\"About us - Monterra - Experience and Quality Frist\" \/>\n<meta property=\"og:description\" content=\"Get to know Monterra \u2013 a company with years of experience in innovative solutions for the construction sector. Our mission is quality and reliability.\" \/>\n<meta property=\"og:url\" content=\"https:\/\/monterra.hr\/en\/about-us\/\" \/>\n<meta property=\"og:site_name\" content=\"Monterra\" \/>\n<meta property=\"article:modified_time\" content=\"2025-04-25T12:24:54+00:00\" \/>\n<meta property=\"og:image\" content=\"https:\/\/monterra.hr\/wp-content\/uploads\/2025\/04\/DJI_0058a.jpg\" \/>\n\t<meta property=\"og:image:width\" content=\"1920\" \/>\n\t<meta property=\"og:image:height\" content=\"1103\" \/>\n\t<meta property=\"og:image:type\" content=\"image\/jpeg\" \/>\n<meta name=\"twitter:card\" content=\"summary_large_image\" \/>\n<meta name=\"twitter:label1\" content=\"Est. reading time\" \/>\n\t<meta name=\"twitter:data1\" content=\"1 minute\" \/>\n<script type=\"application\/ld+json\" class=\"yoast-schema-graph\">{\"@context\":\"https:\/\/schema.org\",\"@graph\":[{\"@type\":\"WebPage\",\"@id\":\"https:\/\/monterra.hr\/en\/about-us\/\",\"url\":\"https:\/\/monterra.hr\/en\/about-us\/\",\"name\":\"About us - Monterra - Experience and Quality Frist\",\"isPartOf\":{\"@id\":\"https:\/\/monterra.hr\/en\/#website\"},\"primaryImageOfPage\":{\"@id\":\"https:\/\/monterra.hr\/en\/about-us\/#primaryimage\"},\"image\":{\"@id\":\"https:\/\/monterra.hr\/en\/about-us\/#primaryimage\"},\"thumbnailUrl\":\"https:\/\/monterra.hr\/wp-content\/uploads\/2025\/04\/DJI_0058a.jpg\",\"datePublished\":\"2025-02-14T21:06:45+00:00\",\"dateModified\":\"2025-04-25T12:24:54+00:00\",\"description\":\"Get to know Monterra \u2013 a company with years of experience in innovative solutions for the construction sector. Our mission is quality and reliability.\",\"breadcrumb\":{\"@id\":\"https:\/\/monterra.hr\/en\/about-us\/#breadcrumb\"},\"inLanguage\":\"en-US\",\"potentialAction\":[{\"@type\":\"ReadAction\",\"target\":[\"https:\/\/monterra.hr\/en\/about-us\/\"]}]},{\"@type\":\"ImageObject\",\"inLanguage\":\"en-US\",\"@id\":\"https:\/\/monterra.hr\/en\/about-us\/#primaryimage\",\"url\":\"https:\/\/monterra.hr\/wp-content\/uploads\/2025\/04\/DJI_0058a.jpg\",\"contentUrl\":\"https:\/\/monterra.hr\/wp-content\/uploads\/2025\/04\/DJI_0058a.jpg\"},{\"@type\":\"BreadcrumbList\",\"@id\":\"https:\/\/monterra.hr\/en\/about-us\/#breadcrumb\",\"itemListElement\":[{\"@type\":\"ListItem\",\"position\":1,\"name\":\"Po\u010detna stranica\",\"item\":\"https:\/\/monterra.hr\/en\/\"},{\"@type\":\"ListItem\",\"position\":2,\"name\":\"About us\"}]},{\"@type\":\"WebSite\",\"@id\":\"https:\/\/monterra.hr\/en\/#website\",\"url\":\"https:\/\/monterra.hr\/en\/\",\"name\":\"Monterra\",\"description\":\"Prvi korak stabilnosti\",\"publisher\":{\"@id\":\"https:\/\/monterra.hr\/en\/#organization\"},\"potentialAction\":[{\"@type\":\"SearchAction\",\"target\":{\"@type\":\"EntryPoint\",\"urlTemplate\":\"https:\/\/monterra.hr\/en\/?s={search_term_string}\"},\"query-input\":{\"@type\":\"PropertyValueSpecification\",\"valueRequired\":true,\"valueName\":\"search_term_string\"}}],\"inLanguage\":\"en-US\"},{\"@type\":\"Organization\",\"@id\":\"https:\/\/monterra.hr\/en\/#organization\",\"name\":\"Monterra\",\"url\":\"https:\/\/monterra.hr\/en\/\",\"logo\":{\"@type\":\"ImageObject\",\"inLanguage\":\"en-US\",\"@id\":\"https:\/\/monterra.hr\/en\/#\/schema\/logo\/image\/\",\"url\":\"https:\/\/monterra.hr\/wp-content\/uploads\/2025\/02\/logo.png\",\"contentUrl\":\"https:\/\/monterra.hr\/wp-content\/uploads\/2025\/02\/logo.png\",\"width\":300,\"height\":42,\"caption\":\"Monterra\"},\"image\":{\"@id\":\"https:\/\/monterra.hr\/en\/#\/schema\/logo\/image\/\"}}]}<\/script>\n<!-- \/ Yoast SEO plugin. -->","yoast_head_json":{"title":"About us - Monterra - Experience and Quality Frist","description":"Get to know Monterra \u2013 a company with years of experience in innovative solutions for the construction sector. Our mission is quality and reliability.","robots":{"index":"index","follow":"follow","max-snippet":"max-snippet:-1","max-image-preview":"max-image-preview:large","max-video-preview":"max-video-preview:-1"},"canonical":"https:\/\/monterra.hr\/en\/about-us\/","og_locale":"en_US","og_type":"article","og_title":"About us - Monterra - Experience and Quality Frist","og_description":"Get to know Monterra \u2013 a company with years of experience in innovative solutions for the construction sector. Our mission is quality and reliability.","og_url":"https:\/\/monterra.hr\/en\/about-us\/","og_site_name":"Monterra","article_modified_time":"2025-04-25T12:24:54+00:00","og_image":[{"width":1920,"height":1103,"url":"https:\/\/monterra.hr\/wp-content\/uploads\/2025\/04\/DJI_0058a.jpg","type":"image\/jpeg"}],"twitter_card":"summary_large_image","twitter_misc":{"Est. reading time":"1 minute"},"schema":{"@context":"https:\/\/schema.org","@graph":[{"@type":"WebPage","@id":"https:\/\/monterra.hr\/en\/about-us\/","url":"https:\/\/monterra.hr\/en\/about-us\/","name":"About us - Monterra - Experience and Quality Frist","isPartOf":{"@id":"https:\/\/monterra.hr\/en\/#website"},"primaryImageOfPage":{"@id":"https:\/\/monterra.hr\/en\/about-us\/#primaryimage"},"image":{"@id":"https:\/\/monterra.hr\/en\/about-us\/#primaryimage"},"thumbnailUrl":"https:\/\/monterra.hr\/wp-content\/uploads\/2025\/04\/DJI_0058a.jpg","datePublished":"2025-02-14T21:06:45+00:00","dateModified":"2025-04-25T12:24:54+00:00","description":"Get to know Monterra \u2013 a company with years of experience in innovative solutions for the construction sector. Our mission is quality and reliability.","breadcrumb":{"@id":"https:\/\/monterra.hr\/en\/about-us\/#breadcrumb"},"inLanguage":"en-US","potentialAction":[{"@type":"ReadAction","target":["https:\/\/monterra.hr\/en\/about-us\/"]}]},{"@type":"ImageObject","inLanguage":"en-US","@id":"https:\/\/monterra.hr\/en\/about-us\/#primaryimage","url":"https:\/\/monterra.hr\/wp-content\/uploads\/2025\/04\/DJI_0058a.jpg","contentUrl":"https:\/\/monterra.hr\/wp-content\/uploads\/2025\/04\/DJI_0058a.jpg"},{"@type":"BreadcrumbList","@id":"https:\/\/monterra.hr\/en\/about-us\/#breadcrumb","itemListElement":[{"@type":"ListItem","position":1,"name":"Po\u010detna stranica","item":"https:\/\/monterra.hr\/en\/"},{"@type":"ListItem","position":2,"name":"About us"}]},{"@type":"WebSite","@id":"https:\/\/monterra.hr\/en\/#website","url":"https:\/\/monterra.hr\/en\/","name":"Monterra","description":"Prvi korak stabilnosti","publisher":{"@id":"https:\/\/monterra.hr\/en\/#organization"},"potentialAction":[{"@type":"SearchAction","target":{"@type":"EntryPoint","urlTemplate":"https:\/\/monterra.hr\/en\/?s={search_term_string}"},"query-input":{"@type":"PropertyValueSpecification","valueRequired":true,"valueName":"search_term_string"}}],"inLanguage":"en-US"},{"@type":"Organization","@id":"https:\/\/monterra.hr\/en\/#organization","name":"Monterra","url":"https:\/\/monterra.hr\/en\/","logo":{"@type":"ImageObject","inLanguage":"en-US","@id":"https:\/\/monterra.hr\/en\/#\/schema\/logo\/image\/","url":"https:\/\/monterra.hr\/wp-content\/uploads\/2025\/02\/logo.png","contentUrl":"https:\/\/monterra.hr\/wp-content\/uploads\/2025\/02\/logo.png","width":300,"height":42,"caption":"Monterra"},"image":{"@id":"https:\/\/monterra.hr\/en\/#\/schema\/logo\/image\/"}}]}},"_links":{"self":[{"href":"https:\/\/monterra.hr\/en\/wp-json\/wp\/v2\/pages\/427","targetHints":{"allow":["GET"]}}],"collection":[{"href":"https:\/\/monterra.hr\/en\/wp-json\/wp\/v2\/pages"}],"about":[{"href":"https:\/\/monterra.hr\/en\/wp-json\/wp\/v2\/types\/page"}],"author":[{"embeddable":true,"href":"https:\/\/monterra.hr\/en\/wp-json\/wp\/v2\/users\/1"}],"replies":[{"embeddable":true,"href":"https:\/\/monterra.hr\/en\/wp-json\/wp\/v2\/comments?post=427"}],"version-history":[{"count":6,"href":"https:\/\/monterra.hr\/en\/wp-json\/wp\/v2\/pages\/427\/revisions"}],"predecessor-version":[{"id":779,"href":"https:\/\/monterra.hr\/en\/wp-json\/wp\/v2\/pages\/427\/revisions\/779"}],"wp:attachment":[{"href":"https:\/\/monterra.hr\/en\/wp-json\/wp\/v2\/media?parent=427"}],"curies":[{"name":"wp","href":"https:\/\/api.w.org\/{rel}","templated":true}]}}