{"id":429,"date":"2025-02-14T21:37:55","date_gmt":"2025-02-14T20:37:55","guid":{"rendered":"https:\/\/monterra.hr\/eu-projects\/"},"modified":"2025-03-25T12:51:53","modified_gmt":"2025-03-25T11:51:53","slug":"eu-projects","status":"publish","type":"page","link":"https:\/\/monterra.hr\/en\/eu-projects\/","title":{"rendered":"EU Projects"},"content":{"rendered":"\n<div class=\"wp-block-group page intro alignfull position-relative mb-5 mb-md-0\"><div class=\"wp-block-group__inner-container is-layout-constrained wp-block-group-is-layout-constrained\">\n<figure class=\"wp-block-image size-full\"><img loading=\"lazy\" decoding=\"async\" width=\"1728\" height=\"743\" src=\"https:\/\/monterra.hr\/wp-content\/uploads\/2025\/02\/europska-unija-zastava.jpg\" alt=\"\" class=\"wp-image-106\" srcset=\"https:\/\/monterra.hr\/wp-content\/uploads\/2025\/02\/europska-unija-zastava.jpg 1728w, https:\/\/monterra.hr\/wp-content\/uploads\/2025\/02\/europska-unija-zastava-300x129.jpg 300w, https:\/\/monterra.hr\/wp-content\/uploads\/2025\/02\/europska-unija-zastava-1024x440.jpg 1024w, https:\/\/monterra.hr\/wp-content\/uploads\/2025\/02\/europska-unija-zastava-768x330.jpg 768w, https:\/\/monterra.hr\/wp-content\/uploads\/2025\/02\/europska-unija-zastava-1536x660.jpg 1536w\" sizes=\"auto, (max-width: 1728px) 100vw, 1728px\" \/><\/figure>\n\n\n\n<div class=\"wp-block-columns is-layout-flex wp-container-core-columns-is-layout-9d6595d7 wp-block-columns-is-layout-flex\">\n<div class=\"wp-block-column d-flex flex-column justify-content-center has-white-color has-darkgray-background-color has-text-color has-background has-link-color wp-elements-faef0745118713f4c7fcc3fcb6d3e5a3 is-layout-flow wp-block-column-is-layout-flow\">\n<h1 class=\"wp-block-heading has-text-align-center mb-4 has-white-color has-text-color has-link-color wp-elements-bb2a52a65306599cb61097a6b51192b4\" data-aos=\"fade\" data-aos-delay=\"250\" data-aos-duration=\"500\">EU Projects<\/h1>\n\n\n\n<p class=\"has-text-align-center has-white-color has-text-color has-link-color wp-elements-0e34d7cfcb819793b5d90e66a86b508a\" data-aos=\"fade\" data-aos-delay=\"250\" data-aos-duration=\"500\">Projekt uvo\u0111enja IKT rje\u0161enja za unapre\u0111enje poslovnih procesa u poduze\u0107u Monterra d.o.o.<\/p>\n<\/div>\n<\/div>\n<\/div><\/div>\n\n<div class=\"wp-block-columns w-lg-80 w-xxl-50 mx-auto is-layout-flex wp-container-core-columns-is-layout-9d6595d7 wp-block-columns-is-layout-flex\" data-aos=\"fade-up\" data-aos-delay=\"250\" data-aos-duration=\"500\">\n<div class=\"wp-block-column my-lg-5 py-lg-5 is-layout-flow wp-block-column-is-layout-flow\"><div class=\"wp-block-image mb-5\">\n<figure class=\"aligncenter size-full\"><img loading=\"lazy\" decoding=\"async\" width=\"699\" height=\"136\" src=\"https:\/\/monterra.hr\/wp-content\/uploads\/2025\/02\/eu-projekti.jpg\" alt=\"\" class=\"wp-image-56\" srcset=\"https:\/\/monterra.hr\/wp-content\/uploads\/2025\/02\/eu-projekti.jpg 699w, https:\/\/monterra.hr\/wp-content\/uploads\/2025\/02\/eu-projekti-300x58.jpg 300w\" sizes=\"auto, (max-width: 699px) 100vw, 699px\" \/><\/figure>\n<\/div>\n\n\n<h2 class=\"wp-block-heading\">Opis projekta<\/h2>\n\n\n\n<p>The new Monterra business computerization project is a response to the company&#8217;s significant growth and the need to modernize existing business services. The project will optimize, integrate and computerize eight key business processes of the company and achieve a reduction in the administrative burden for all employees. All of the above will ensure further growth and development of the company and strengthen its current position on the domestic and international market, while achieving a positive impact on target groups and end users: employees and business clients.<\/p>\n\n\n\n<div style=\"height:25px\" aria-hidden=\"true\" class=\"wp-block-spacer\"><\/div>\n\n\n\n<h2 class=\"wp-block-heading\">Ciljevi projekta<\/h2>\n\n\n\n<p>Op\u0107i cilj projekta je ostvariti jo\u0161 vi\u0161u razinu kvalitete poslovanja kroz primjenu suvremenih tehnologija kako bi Monterra d.o.o. postao vode\u0107i proizvo\u0111a\u010d mre\u017ea i izvo\u0111a\u010d za\u0161tite pokosa u regiji (Hrvatskoj, Srbiji i Bosni i Hercegovini), ali i nastavio \u0161irenje na tr\u017ei\u0161ta Europske unije.<\/p>\n\n\n\n<p>Specifi\u010dni ciljevi projekta su:<\/p>\n\n\n\n<ul class=\"wp-block-list\">\n<li>Optimizacija osam poslovnih procesa kako bi se ostvarili ni\u017ei tro\u0161kovi poslovanja koji trenutno nastaju uslijed konstantnog rasta poslovanja.<\/li>\n\n\n\n<li>Unapre\u0111enje kapaciteta i znanja djelatnika poduze\u0107a za kori\u0161tenje nove IKT opreme<\/li>\n<\/ul>\n\n\n\n<div style=\"height:25px\" aria-hidden=\"true\" class=\"wp-block-spacer\"><\/div>\n\n\n\n<p>Dobivanje bespovratnih EU sredstva za uvo\u0111enje IKT rje\u0161enja rezultirat \u0107e vi\u0161estruko pozitivnim u\u010dincima na razini poduze\u0107a i \u0161ire zajednice:<\/p>\n\n\n\n<ul class=\"wp-block-list\">\n<li>Pove\u0107anje u\u010dinkovitosti poslovanja poduze\u0107a i to kroz racionalnije kori\u0161tenje ljudskih resursa, energije i smanjenja administrativnih tro\u0161kova poslovanja<\/li>\n\n\n\n<li>Pove\u0107anje poslovnih prihoda poduze\u0107a i \u0161irenje na inozemna tr\u017ei\u0161ta<\/li>\n\n\n\n<li>Daljnje pove\u0107anje broja zaposlenih<\/li>\n<\/ul>\n\n\n\n<div style=\"height:25px\" aria-hidden=\"true\" class=\"wp-block-spacer\"><\/div>\n\n\n\n<h3 class=\"wp-block-heading\">Projekt je realiziran provedbom sljede\u0107ih aktivnosti<\/h3>\n\n\n\n<p>Aktivnost 1 \u2013 Uvo\u0111enje IKT poslovnih rje\u0161enja namijenjenih optimiziranju poslovnih procesa poduze\u0107a putem holisti\u010dkog modularnog softvera (ERP), softvera za ra\u010dunovodstvo i financije te pripadaju\u0107eg hardvera<br\/> innovation to the very top!<\/p>\n\n\n\n<p>Aktivnost 2 \u2013 Implementacija IKT rje\u0161enja za unapre\u0111enje procesa geotehni\u010dkog i geodetskog planiranja i projektiranja<\/p>\n\n\n\n<p>Aktivnost 3 \u2013 Nabava posebnog softverskog rje\u0161enja za uve\u0107anje i \u010ditanje ekrana ra\u010dunala<\/p>\n\n\n\n<p>Aktivnost 4 \u2013 Prilagodba za rad djelatnika s novim IKT rje\u0161enjima<\/p>\n\n\n\n<p>Aktivnost 5 \u2013 Upravljanje projektom<\/p>\n\n\n\n<p>Aktivnost 6 \u2013 Promid\u017eba i vidljivost<\/p>\n\n\n\n<div style=\"height:25px\" aria-hidden=\"true\" class=\"wp-block-spacer\"><\/div>\n\n\n\n<p><strong>Razdoblje provedbe projekta:<\/strong> 1.12.2019. \u2013 1.12.2020. <\/p>\n\n\n\n<p><strong>Ukupna vrijednost projekta:<\/strong> 1.100.188,00 HRK (s PDV-om)<\/p>\n\n\n\n<p><strong>Bespovratno sufinanciranje:<\/strong> 574.799,83 HRK<\/p>\n\n\n\n<div style=\"height:25px\" aria-hidden=\"true\" class=\"wp-block-spacer\"><\/div>\n\n\n\n<h3 class=\"wp-block-heading\">Vi\u0161e informacija o projektu (kontakt osoba):<\/h3>\n\n\n\n<p>Josipa Zrnc<\/p>\n\n\n\n<p>Svetonedeljska 19a, 10430 Samobor<\/p>\n\n\n\n<p>Tel: +385 1 4854 337<\/p>\n\n\n\n<p>e-mail: <a href=\"mailto:josipa.zrnc@monterra.hr\">josipa.zrnc@monterra.hr<\/a><\/p>\n\n\n\n<div style=\"height:25px\" aria-hidden=\"true\" class=\"wp-block-spacer\"><\/div>\n\n\n\n<h3 class=\"wp-block-heading\">Poveznice:<\/h3>\n\n\n\n<p>Operational Programme Competitiveness and Cohesion 2014-2020 \u2013 <a href=\"http:\/\/www.strukturnifondovi.hr\/\" target=\"_blank\" rel=\"noreferrer noopener\">http:\/\/www.struktrunifondovi.hr<\/a> <\/p>\n\n\n\n<p>Strukturni fondovi \u2013 <a href=\"https:\/\/strukturnifondovi.hr\/eu-fondovi\/esi-fondovi-2014-2020\/op-konkurentnost-i-kohezija\/\" target=\"_blank\" rel=\"noreferrer noopener\">https:\/\/strukturnifondovi.hr\/eu-fondovi\/esi-fondovi-2014-2020\/op-konkurentnost-i-kohezija\/<\/a><\/p>\n\n\n\n<p>Ministarstvo regionalnoga razvoja i fondova Europske unije \u2013 <a href=\"https:\/\/razvoj.gov.hr\/\" target=\"_blank\" rel=\"noreferrer noopener\">https:\/\/razvoj.gov.hr\/<\/a><\/p>\n<\/div>\n<\/div>\n","protected":false},"excerpt":{"rendered":"<p>EU Projects Projekt uvo\u0111enja IKT rje\u0161enja za unapre\u0111enje poslovnih procesa u poduze\u0107u Monterra d.o.o. Opis projekta The new Monterra business computerization project is a response to the company&#8217;s significant growth and the need to modernize existing business services. The project will optimize, integrate and computerize eight key business processes of the company and achieve a <\/p>\n<p class=\"p-0 mb-0\"><a class=\"btn btn-secondary px-0 mb-0 virtualna-read-more-link\" href=\"https:\/\/monterra.hr\/en\/eu-projects\/\">Read more &#8211; &#8211; ><span class=\"screen-reader-text\"> from EU Projects<\/span><\/a><\/p>\n","protected":false},"author":1,"featured_media":0,"parent":0,"menu_order":0,"comment_status":"closed","ping_status":"closed","template":"page-templates\/editor-title.php","meta":{"footnotes":""},"class_list":["post-429","page","type-page","status-publish","hentry"],"yoast_head":"<!-- This site is optimized with the Yoast SEO plugin v24.7 - https:\/\/yoast.com\/wordpress\/plugins\/seo\/ -->\n<title>EU Projects - Monterra - Monterra and European funds<\/title>\n<meta name=\"description\" content=\"Learn more about the EU projects we participate in. Monterra utilizes European funds for innovative and sustainable projects.\" \/>\n<meta name=\"robots\" content=\"index, follow, max-snippet:-1, max-image-preview:large, max-video-preview:-1\" \/>\n<link rel=\"canonical\" href=\"https:\/\/monterra.hr\/en\/eu-projects\/\" \/>\n<meta property=\"og:locale\" content=\"en_US\" \/>\n<meta property=\"og:type\" content=\"article\" \/>\n<meta property=\"og:title\" content=\"EU Projects - Monterra - Monterra and European funds\" \/>\n<meta property=\"og:description\" content=\"Learn more about the EU projects we participate in. Monterra utilizes European funds for innovative and sustainable projects.\" \/>\n<meta property=\"og:url\" content=\"https:\/\/monterra.hr\/en\/eu-projects\/\" \/>\n<meta property=\"og:site_name\" content=\"Monterra\" \/>\n<meta property=\"article:modified_time\" content=\"2025-03-25T11:51:53+00:00\" \/>\n<meta property=\"og:image\" content=\"https:\/\/monterra.hr\/wp-content\/uploads\/2025\/02\/europska-unija-zastava.jpg\" \/>\n<meta name=\"twitter:card\" content=\"summary_large_image\" \/>\n<meta name=\"twitter:label1\" content=\"Est. reading time\" \/>\n\t<meta name=\"twitter:data1\" content=\"2 minutes\" \/>\n<script type=\"application\/ld+json\" class=\"yoast-schema-graph\">{\"@context\":\"https:\/\/schema.org\",\"@graph\":[{\"@type\":\"WebPage\",\"@id\":\"https:\/\/monterra.hr\/en\/eu-projects\/\",\"url\":\"https:\/\/monterra.hr\/en\/eu-projects\/\",\"name\":\"EU Projects - Monterra - Monterra and European funds\",\"isPartOf\":{\"@id\":\"https:\/\/monterra.hr\/en\/#website\"},\"primaryImageOfPage\":{\"@id\":\"https:\/\/monterra.hr\/en\/eu-projects\/#primaryimage\"},\"image\":{\"@id\":\"https:\/\/monterra.hr\/en\/eu-projects\/#primaryimage\"},\"thumbnailUrl\":\"https:\/\/monterra.hr\/wp-content\/uploads\/2025\/02\/europska-unija-zastava.jpg\",\"datePublished\":\"2025-02-14T20:37:55+00:00\",\"dateModified\":\"2025-03-25T11:51:53+00:00\",\"description\":\"Learn more about the EU projects we participate in. Monterra utilizes European funds for innovative and sustainable projects.\",\"breadcrumb\":{\"@id\":\"https:\/\/monterra.hr\/en\/eu-projects\/#breadcrumb\"},\"inLanguage\":\"en-US\",\"potentialAction\":[{\"@type\":\"ReadAction\",\"target\":[\"https:\/\/monterra.hr\/en\/eu-projects\/\"]}]},{\"@type\":\"ImageObject\",\"inLanguage\":\"en-US\",\"@id\":\"https:\/\/monterra.hr\/en\/eu-projects\/#primaryimage\",\"url\":\"https:\/\/monterra.hr\/wp-content\/uploads\/2025\/02\/europska-unija-zastava.jpg\",\"contentUrl\":\"https:\/\/monterra.hr\/wp-content\/uploads\/2025\/02\/europska-unija-zastava.jpg\"},{\"@type\":\"BreadcrumbList\",\"@id\":\"https:\/\/monterra.hr\/en\/eu-projects\/#breadcrumb\",\"itemListElement\":[{\"@type\":\"ListItem\",\"position\":1,\"name\":\"Po\u010detna stranica\",\"item\":\"https:\/\/monterra.hr\/en\/\"},{\"@type\":\"ListItem\",\"position\":2,\"name\":\"EU Projects\"}]},{\"@type\":\"WebSite\",\"@id\":\"https:\/\/monterra.hr\/en\/#website\",\"url\":\"https:\/\/monterra.hr\/en\/\",\"name\":\"Monterra\",\"description\":\"Prvi korak stabilnosti\",\"publisher\":{\"@id\":\"https:\/\/monterra.hr\/en\/#organization\"},\"potentialAction\":[{\"@type\":\"SearchAction\",\"target\":{\"@type\":\"EntryPoint\",\"urlTemplate\":\"https:\/\/monterra.hr\/en\/?s={search_term_string}\"},\"query-input\":{\"@type\":\"PropertyValueSpecification\",\"valueRequired\":true,\"valueName\":\"search_term_string\"}}],\"inLanguage\":\"en-US\"},{\"@type\":\"Organization\",\"@id\":\"https:\/\/monterra.hr\/en\/#organization\",\"name\":\"Monterra\",\"url\":\"https:\/\/monterra.hr\/en\/\",\"logo\":{\"@type\":\"ImageObject\",\"inLanguage\":\"en-US\",\"@id\":\"https:\/\/monterra.hr\/en\/#\/schema\/logo\/image\/\",\"url\":\"https:\/\/monterra.hr\/wp-content\/uploads\/2025\/02\/logo.png\",\"contentUrl\":\"https:\/\/monterra.hr\/wp-content\/uploads\/2025\/02\/logo.png\",\"width\":300,\"height\":42,\"caption\":\"Monterra\"},\"image\":{\"@id\":\"https:\/\/monterra.hr\/en\/#\/schema\/logo\/image\/\"}}]}<\/script>\n<!-- \/ Yoast SEO plugin. -->","yoast_head_json":{"title":"EU Projects - Monterra - Monterra and European funds","description":"Learn more about the EU projects we participate in. Monterra utilizes European funds for innovative and sustainable projects.","robots":{"index":"index","follow":"follow","max-snippet":"max-snippet:-1","max-image-preview":"max-image-preview:large","max-video-preview":"max-video-preview:-1"},"canonical":"https:\/\/monterra.hr\/en\/eu-projects\/","og_locale":"en_US","og_type":"article","og_title":"EU Projects - Monterra - Monterra and European funds","og_description":"Learn more about the EU projects we participate in. Monterra utilizes European funds for innovative and sustainable projects.","og_url":"https:\/\/monterra.hr\/en\/eu-projects\/","og_site_name":"Monterra","article_modified_time":"2025-03-25T11:51:53+00:00","og_image":[{"url":"https:\/\/monterra.hr\/wp-content\/uploads\/2025\/02\/europska-unija-zastava.jpg","type":"","width":"","height":""}],"twitter_card":"summary_large_image","twitter_misc":{"Est. reading time":"2 minutes"},"schema":{"@context":"https:\/\/schema.org","@graph":[{"@type":"WebPage","@id":"https:\/\/monterra.hr\/en\/eu-projects\/","url":"https:\/\/monterra.hr\/en\/eu-projects\/","name":"EU Projects - Monterra - Monterra and European funds","isPartOf":{"@id":"https:\/\/monterra.hr\/en\/#website"},"primaryImageOfPage":{"@id":"https:\/\/monterra.hr\/en\/eu-projects\/#primaryimage"},"image":{"@id":"https:\/\/monterra.hr\/en\/eu-projects\/#primaryimage"},"thumbnailUrl":"https:\/\/monterra.hr\/wp-content\/uploads\/2025\/02\/europska-unija-zastava.jpg","datePublished":"2025-02-14T20:37:55+00:00","dateModified":"2025-03-25T11:51:53+00:00","description":"Learn more about the EU projects we participate in. Monterra utilizes European funds for innovative and sustainable projects.","breadcrumb":{"@id":"https:\/\/monterra.hr\/en\/eu-projects\/#breadcrumb"},"inLanguage":"en-US","potentialAction":[{"@type":"ReadAction","target":["https:\/\/monterra.hr\/en\/eu-projects\/"]}]},{"@type":"ImageObject","inLanguage":"en-US","@id":"https:\/\/monterra.hr\/en\/eu-projects\/#primaryimage","url":"https:\/\/monterra.hr\/wp-content\/uploads\/2025\/02\/europska-unija-zastava.jpg","contentUrl":"https:\/\/monterra.hr\/wp-content\/uploads\/2025\/02\/europska-unija-zastava.jpg"},{"@type":"BreadcrumbList","@id":"https:\/\/monterra.hr\/en\/eu-projects\/#breadcrumb","itemListElement":[{"@type":"ListItem","position":1,"name":"Po\u010detna stranica","item":"https:\/\/monterra.hr\/en\/"},{"@type":"ListItem","position":2,"name":"EU Projects"}]},{"@type":"WebSite","@id":"https:\/\/monterra.hr\/en\/#website","url":"https:\/\/monterra.hr\/en\/","name":"Monterra","description":"Prvi korak stabilnosti","publisher":{"@id":"https:\/\/monterra.hr\/en\/#organization"},"potentialAction":[{"@type":"SearchAction","target":{"@type":"EntryPoint","urlTemplate":"https:\/\/monterra.hr\/en\/?s={search_term_string}"},"query-input":{"@type":"PropertyValueSpecification","valueRequired":true,"valueName":"search_term_string"}}],"inLanguage":"en-US"},{"@type":"Organization","@id":"https:\/\/monterra.hr\/en\/#organization","name":"Monterra","url":"https:\/\/monterra.hr\/en\/","logo":{"@type":"ImageObject","inLanguage":"en-US","@id":"https:\/\/monterra.hr\/en\/#\/schema\/logo\/image\/","url":"https:\/\/monterra.hr\/wp-content\/uploads\/2025\/02\/logo.png","contentUrl":"https:\/\/monterra.hr\/wp-content\/uploads\/2025\/02\/logo.png","width":300,"height":42,"caption":"Monterra"},"image":{"@id":"https:\/\/monterra.hr\/en\/#\/schema\/logo\/image\/"}}]}},"_links":{"self":[{"href":"https:\/\/monterra.hr\/en\/wp-json\/wp\/v2\/pages\/429","targetHints":{"allow":["GET"]}}],"collection":[{"href":"https:\/\/monterra.hr\/en\/wp-json\/wp\/v2\/pages"}],"about":[{"href":"https:\/\/monterra.hr\/en\/wp-json\/wp\/v2\/types\/page"}],"author":[{"embeddable":true,"href":"https:\/\/monterra.hr\/en\/wp-json\/wp\/v2\/users\/1"}],"replies":[{"embeddable":true,"href":"https:\/\/monterra.hr\/en\/wp-json\/wp\/v2\/comments?post=429"}],"version-history":[{"count":2,"href":"https:\/\/monterra.hr\/en\/wp-json\/wp\/v2\/pages\/429\/revisions"}],"predecessor-version":[{"id":445,"href":"https:\/\/monterra.hr\/en\/wp-json\/wp\/v2\/pages\/429\/revisions\/445"}],"wp:attachment":[{"href":"https:\/\/monterra.hr\/en\/wp-json\/wp\/v2\/media?parent=429"}],"curies":[{"name":"wp","href":"https:\/\/api.w.org\/{rel}","templated":true}]}}