{"id":901,"date":"2025-08-29T12:21:25","date_gmt":"2025-08-29T10:21:25","guid":{"rendered":"https:\/\/monterra.hr\/?page_id=901"},"modified":"2025-08-29T12:25:28","modified_gmt":"2025-08-29T10:25:28","slug":"cookie-policy","status":"publish","type":"page","link":"https:\/\/monterra.hr\/en\/cookie-policy\/","title":{"rendered":"Cookie policy"},"content":{"rendered":"\n<div class=\"wp-block-group page intro alignfull position-relative mb-5 mb-md-0\"><div class=\"wp-block-group__inner-container is-layout-constrained wp-block-group-is-layout-constrained\">\n<figure class=\"wp-block-image size-full\"><img loading=\"lazy\" decoding=\"async\" width=\"1920\" height=\"1103\" src=\"https:\/\/monterra.hr\/wp-content\/uploads\/2025\/04\/DJI_0058a.jpg\" alt=\"\" class=\"wp-image-774\" srcset=\"https:\/\/monterra.hr\/wp-content\/uploads\/2025\/04\/DJI_0058a.jpg 1920w, https:\/\/monterra.hr\/wp-content\/uploads\/2025\/04\/DJI_0058a-300x172.jpg 300w, https:\/\/monterra.hr\/wp-content\/uploads\/2025\/04\/DJI_0058a-1024x588.jpg 1024w, https:\/\/monterra.hr\/wp-content\/uploads\/2025\/04\/DJI_0058a-768x441.jpg 768w, https:\/\/monterra.hr\/wp-content\/uploads\/2025\/04\/DJI_0058a-1536x882.jpg 1536w\" sizes=\"auto, (max-width: 1920px) 100vw, 1920px\" \/><\/figure>\n\n\n\n<div class=\"wp-block-columns is-layout-flex wp-container-core-columns-is-layout-9d6595d7 wp-block-columns-is-layout-flex\">\n<div class=\"wp-block-column d-flex flex-column justify-content-center has-white-color has-darkgray-background-color has-text-color has-background has-link-color wp-elements-3a8b8a5dd10b05d00a42dc2742f1df0f is-layout-flow wp-block-column-is-layout-flow\">\n<h1 class=\"wp-block-heading has-text-align-center mb-4 has-white-color has-text-color has-link-color wp-elements-d1c9e2543049278df0019fca2490a7c4\" data-aos=\"fade\" data-aos-delay=\"250\" data-aos-duration=\"500\">Cookie policy<\/h1>\n\n\n\n<p class=\"has-text-align-center has-white-color has-text-color has-link-color wp-elements-42d1f1385cc8c3e58686410323722e12\" data-aos=\"fade\" data-aos-delay=\"250\" data-aos-duration=\"500\">How and Why We Use Cookies<\/p>\n<\/div>\n<\/div>\n<\/div><\/div>\n\n\n\n<div class=\"wp-block-columns w-xxl-80 mx-auto gap-0 gap-xl-5 my-lg-5 py-md-3 py-lg-5 is-layout-flex wp-container-core-columns-is-layout-9d6595d7 wp-block-columns-is-layout-flex\" data-aos=\"fade-up\" data-aos-delay=\"250\" data-aos-duration=\"500\">\n<div class=\"wp-block-column pt-lg-5 mt-lg-5 is-layout-flow wp-block-column-is-layout-flow\">\n<p><strong>Last update:<\/strong> 24.06.2025.<\/p>\n\n\n\n<h3 class=\"wp-block-heading\"><strong>What Are Cookies?<\/strong><\/h3>\n\n\n\n<p>Cookies are small text files that a website stores on your computer or mobile device. They are used to ensure the proper functioning of the site and to improve the user experience.<\/p>\n\n\n\n<h3 class=\"wp-block-heading\">Which Cookies Do We Use?<\/h3>\n\n\n\n<ul class=\"wp-block-list\">\n<li><strong>Technically Necessary Cookie<\/strong>s \u2013 required for the proper functioning of the website. Without them, the website cannot operate.<\/li>\n\n\n\n<li><strong>Google Fonts <\/strong>\u2013 used for displaying typography; fonts are loaded from Google servers, during which Google may receive the user\u2019s IP address.<\/li>\n\n\n\n<li><strong>External Content <\/strong>\u2013 by clicking on links to social networks or opening content from external services (e.g., Instagram feed), the privacy policies of those services apply.<\/li>\n<\/ul>\n\n\n\n<h3 class=\"wp-block-heading\">How to Manage Cookies?<\/h3>\n\n\n\n<p>You can disable or delete cookies in your browser settings. Please note that disabling technically necessary cookies may affect the functionality of the website.<\/p>\n<\/div>\n<\/div>\n\n\n\n<div class=\"wp-block-group banner-cta alignfull position-relative mb-5 mb-md-0\"><div class=\"wp-block-group__inner-container is-layout-constrained wp-block-group-is-layout-constrained\">\n<figure class=\"wp-block-image size-full\"><img loading=\"lazy\" decoding=\"async\" width=\"2000\" height=\"500\" src=\"https:\/\/monterra.hr\/wp-content\/uploads\/2025\/02\/monterra-djelatnosti-zastita-pokosa-1.jpg\" alt=\"\" class=\"wp-image-101\" srcset=\"https:\/\/monterra.hr\/wp-content\/uploads\/2025\/02\/monterra-djelatnosti-zastita-pokosa-1.jpg 2000w, https:\/\/monterra.hr\/wp-content\/uploads\/2025\/02\/monterra-djelatnosti-zastita-pokosa-1-300x75.jpg 300w, https:\/\/monterra.hr\/wp-content\/uploads\/2025\/02\/monterra-djelatnosti-zastita-pokosa-1-1024x256.jpg 1024w, https:\/\/monterra.hr\/wp-content\/uploads\/2025\/02\/monterra-djelatnosti-zastita-pokosa-1-768x192.jpg 768w, https:\/\/monterra.hr\/wp-content\/uploads\/2025\/02\/monterra-djelatnosti-zastita-pokosa-1-1536x384.jpg 1536w\" sizes=\"auto, (max-width: 2000px) 100vw, 2000px\" \/><\/figure>\n\n\n\n<div class=\"wp-block-columns d-flex flex-column justify-content-center is-layout-flex wp-container-core-columns-is-layout-9d6595d7 wp-block-columns-is-layout-flex\">\n<div class=\"wp-block-column d-flex flex-column justify-content-center has-white-color has-darkgray-background-color has-text-color has-background has-link-color wp-elements-4bb5e5967bbab5409dbfa96696814e3d is-layout-flow wp-block-column-is-layout-flow\">\n<h3 class=\"wp-block-heading has-text-align-center h1 mb-4 has-white-color has-text-color has-link-color wp-elements-de09e65eefb51824c2798bd9e5bb6c2e\">Monterra services<\/h3>\n\n\n\n<div class=\"wp-block-buttons is-content-justification-center is-layout-flex wp-container-core-buttons-is-layout-16018d1d wp-block-buttons-is-layout-flex\">\n<div class=\"wp-block-button\"><a class=\"wp-block-button__link wp-element-button\" href=\"https:\/\/monterra.hr\/en\/services\/\" rel=\"\/djelatnosti\/\">Read more<\/a><\/div>\n<\/div>\n<\/div>\n<\/div>\n<\/div><\/div>\n","protected":false},"excerpt":{"rendered":"<p>Cookie policy How and Why We Use Cookies Last update: 24.06.2025. What Are Cookies? Cookies are small text files that a website stores on your computer or mobile device. They are used to ensure the proper functioning of the site and to improve the user experience. Which Cookies Do We Use? How to Manage Cookies? <\/p>\n<p class=\"p-0 mb-0\"><a class=\"btn btn-secondary px-0 mb-0 virtualna-read-more-link\" href=\"https:\/\/monterra.hr\/en\/cookie-policy\/\">Read more &#8211; &#8211; ><span class=\"screen-reader-text\"> from Cookie policy<\/span><\/a><\/p>\n","protected":false},"author":2,"featured_media":0,"parent":0,"menu_order":0,"comment_status":"closed","ping_status":"closed","template":"page-templates\/editor-title.php","meta":{"footnotes":""},"class_list":["post-901","page","type-page","status-publish","hentry"],"yoast_head":"<!-- This site is optimized with the Yoast SEO plugin v24.7 - https:\/\/yoast.com\/wordpress\/plugins\/seo\/ -->\n<title>Cookie policy - Monterra - Iskustvo i kvaliteta na prvom mjestu<\/title>\n<meta name=\"description\" content=\"Upoznajte Monterru \u2013 tvrtku s dugogodi\u0161njim iskustvom u inovativnim rje\u0161enjima za gra\u0111evinski sektor. Na\u0161a misija je kvaliteta i pouzdanost.\" \/>\n<meta name=\"robots\" content=\"index, follow, max-snippet:-1, max-image-preview:large, max-video-preview:-1\" \/>\n<link rel=\"canonical\" href=\"https:\/\/monterra.hr\/en\/cookie-policy\/\" \/>\n<meta property=\"og:locale\" content=\"en_US\" \/>\n<meta property=\"og:type\" content=\"article\" \/>\n<meta property=\"og:title\" content=\"Cookie policy - Monterra - Iskustvo i kvaliteta na prvom mjestu\" \/>\n<meta property=\"og:description\" content=\"Upoznajte Monterru \u2013 tvrtku s dugogodi\u0161njim iskustvom u inovativnim rje\u0161enjima za gra\u0111evinski sektor. Na\u0161a misija je kvaliteta i pouzdanost.\" \/>\n<meta property=\"og:url\" content=\"https:\/\/monterra.hr\/en\/cookie-policy\/\" \/>\n<meta property=\"og:site_name\" content=\"Monterra\" \/>\n<meta property=\"article:modified_time\" content=\"2025-08-29T10:25:28+00:00\" \/>\n<meta property=\"og:image\" content=\"https:\/\/monterra.hr\/wp-content\/uploads\/2025\/04\/DJI_0058a.jpg\" \/>\n\t<meta property=\"og:image:width\" content=\"1920\" \/>\n\t<meta property=\"og:image:height\" content=\"1103\" \/>\n\t<meta property=\"og:image:type\" content=\"image\/jpeg\" \/>\n<meta name=\"twitter:card\" content=\"summary_large_image\" \/>\n<meta name=\"twitter:label1\" content=\"Est. reading time\" \/>\n\t<meta name=\"twitter:data1\" content=\"2 minutes\" \/>\n<script type=\"application\/ld+json\" class=\"yoast-schema-graph\">{\"@context\":\"https:\/\/schema.org\",\"@graph\":[{\"@type\":\"WebPage\",\"@id\":\"https:\/\/monterra.hr\/en\/cookie-policy\/\",\"url\":\"https:\/\/monterra.hr\/en\/cookie-policy\/\",\"name\":\"Cookie policy - Monterra - Iskustvo i kvaliteta na prvom mjestu\",\"isPartOf\":{\"@id\":\"https:\/\/monterra.hr\/en\/#website\"},\"primaryImageOfPage\":{\"@id\":\"https:\/\/monterra.hr\/en\/cookie-policy\/#primaryimage\"},\"image\":{\"@id\":\"https:\/\/monterra.hr\/en\/cookie-policy\/#primaryimage\"},\"thumbnailUrl\":\"https:\/\/monterra.hr\/wp-content\/uploads\/2025\/04\/DJI_0058a.jpg\",\"datePublished\":\"2025-08-29T10:21:25+00:00\",\"dateModified\":\"2025-08-29T10:25:28+00:00\",\"description\":\"Upoznajte Monterru \u2013 tvrtku s dugogodi\u0161njim iskustvom u inovativnim rje\u0161enjima za gra\u0111evinski sektor. Na\u0161a misija je kvaliteta i pouzdanost.\",\"breadcrumb\":{\"@id\":\"https:\/\/monterra.hr\/en\/cookie-policy\/#breadcrumb\"},\"inLanguage\":\"en-US\",\"potentialAction\":[{\"@type\":\"ReadAction\",\"target\":[\"https:\/\/monterra.hr\/en\/cookie-policy\/\"]}]},{\"@type\":\"ImageObject\",\"inLanguage\":\"en-US\",\"@id\":\"https:\/\/monterra.hr\/en\/cookie-policy\/#primaryimage\",\"url\":\"https:\/\/monterra.hr\/wp-content\/uploads\/2025\/04\/DJI_0058a.jpg\",\"contentUrl\":\"https:\/\/monterra.hr\/wp-content\/uploads\/2025\/04\/DJI_0058a.jpg\"},{\"@type\":\"BreadcrumbList\",\"@id\":\"https:\/\/monterra.hr\/en\/cookie-policy\/#breadcrumb\",\"itemListElement\":[{\"@type\":\"ListItem\",\"position\":1,\"name\":\"Po\u010detna stranica\",\"item\":\"https:\/\/monterra.hr\/en\/\"},{\"@type\":\"ListItem\",\"position\":2,\"name\":\"Cookie policy\"}]},{\"@type\":\"WebSite\",\"@id\":\"https:\/\/monterra.hr\/en\/#website\",\"url\":\"https:\/\/monterra.hr\/en\/\",\"name\":\"Monterra\",\"description\":\"Prvi korak stabilnosti\",\"publisher\":{\"@id\":\"https:\/\/monterra.hr\/en\/#organization\"},\"potentialAction\":[{\"@type\":\"SearchAction\",\"target\":{\"@type\":\"EntryPoint\",\"urlTemplate\":\"https:\/\/monterra.hr\/en\/?s={search_term_string}\"},\"query-input\":{\"@type\":\"PropertyValueSpecification\",\"valueRequired\":true,\"valueName\":\"search_term_string\"}}],\"inLanguage\":\"en-US\"},{\"@type\":\"Organization\",\"@id\":\"https:\/\/monterra.hr\/en\/#organization\",\"name\":\"Monterra\",\"url\":\"https:\/\/monterra.hr\/en\/\",\"logo\":{\"@type\":\"ImageObject\",\"inLanguage\":\"en-US\",\"@id\":\"https:\/\/monterra.hr\/en\/#\/schema\/logo\/image\/\",\"url\":\"https:\/\/monterra.hr\/wp-content\/uploads\/2025\/02\/logo.png\",\"contentUrl\":\"https:\/\/monterra.hr\/wp-content\/uploads\/2025\/02\/logo.png\",\"width\":300,\"height\":42,\"caption\":\"Monterra\"},\"image\":{\"@id\":\"https:\/\/monterra.hr\/en\/#\/schema\/logo\/image\/\"}}]}<\/script>\n<!-- \/ Yoast SEO plugin. -->","yoast_head_json":{"title":"Cookie policy - Monterra - Iskustvo i kvaliteta na prvom mjestu","description":"Upoznajte Monterru \u2013 tvrtku s dugogodi\u0161njim iskustvom u inovativnim rje\u0161enjima za gra\u0111evinski sektor. Na\u0161a misija je kvaliteta i pouzdanost.","robots":{"index":"index","follow":"follow","max-snippet":"max-snippet:-1","max-image-preview":"max-image-preview:large","max-video-preview":"max-video-preview:-1"},"canonical":"https:\/\/monterra.hr\/en\/cookie-policy\/","og_locale":"en_US","og_type":"article","og_title":"Cookie policy - Monterra - Iskustvo i kvaliteta na prvom mjestu","og_description":"Upoznajte Monterru \u2013 tvrtku s dugogodi\u0161njim iskustvom u inovativnim rje\u0161enjima za gra\u0111evinski sektor. Na\u0161a misija je kvaliteta i pouzdanost.","og_url":"https:\/\/monterra.hr\/en\/cookie-policy\/","og_site_name":"Monterra","article_modified_time":"2025-08-29T10:25:28+00:00","og_image":[{"width":1920,"height":1103,"url":"https:\/\/monterra.hr\/wp-content\/uploads\/2025\/04\/DJI_0058a.jpg","type":"image\/jpeg"}],"twitter_card":"summary_large_image","twitter_misc":{"Est. reading time":"2 minutes"},"schema":{"@context":"https:\/\/schema.org","@graph":[{"@type":"WebPage","@id":"https:\/\/monterra.hr\/en\/cookie-policy\/","url":"https:\/\/monterra.hr\/en\/cookie-policy\/","name":"Cookie policy - Monterra - Iskustvo i kvaliteta na prvom mjestu","isPartOf":{"@id":"https:\/\/monterra.hr\/en\/#website"},"primaryImageOfPage":{"@id":"https:\/\/monterra.hr\/en\/cookie-policy\/#primaryimage"},"image":{"@id":"https:\/\/monterra.hr\/en\/cookie-policy\/#primaryimage"},"thumbnailUrl":"https:\/\/monterra.hr\/wp-content\/uploads\/2025\/04\/DJI_0058a.jpg","datePublished":"2025-08-29T10:21:25+00:00","dateModified":"2025-08-29T10:25:28+00:00","description":"Upoznajte Monterru \u2013 tvrtku s dugogodi\u0161njim iskustvom u inovativnim rje\u0161enjima za gra\u0111evinski sektor. Na\u0161a misija je kvaliteta i pouzdanost.","breadcrumb":{"@id":"https:\/\/monterra.hr\/en\/cookie-policy\/#breadcrumb"},"inLanguage":"en-US","potentialAction":[{"@type":"ReadAction","target":["https:\/\/monterra.hr\/en\/cookie-policy\/"]}]},{"@type":"ImageObject","inLanguage":"en-US","@id":"https:\/\/monterra.hr\/en\/cookie-policy\/#primaryimage","url":"https:\/\/monterra.hr\/wp-content\/uploads\/2025\/04\/DJI_0058a.jpg","contentUrl":"https:\/\/monterra.hr\/wp-content\/uploads\/2025\/04\/DJI_0058a.jpg"},{"@type":"BreadcrumbList","@id":"https:\/\/monterra.hr\/en\/cookie-policy\/#breadcrumb","itemListElement":[{"@type":"ListItem","position":1,"name":"Po\u010detna stranica","item":"https:\/\/monterra.hr\/en\/"},{"@type":"ListItem","position":2,"name":"Cookie policy"}]},{"@type":"WebSite","@id":"https:\/\/monterra.hr\/en\/#website","url":"https:\/\/monterra.hr\/en\/","name":"Monterra","description":"Prvi korak stabilnosti","publisher":{"@id":"https:\/\/monterra.hr\/en\/#organization"},"potentialAction":[{"@type":"SearchAction","target":{"@type":"EntryPoint","urlTemplate":"https:\/\/monterra.hr\/en\/?s={search_term_string}"},"query-input":{"@type":"PropertyValueSpecification","valueRequired":true,"valueName":"search_term_string"}}],"inLanguage":"en-US"},{"@type":"Organization","@id":"https:\/\/monterra.hr\/en\/#organization","name":"Monterra","url":"https:\/\/monterra.hr\/en\/","logo":{"@type":"ImageObject","inLanguage":"en-US","@id":"https:\/\/monterra.hr\/en\/#\/schema\/logo\/image\/","url":"https:\/\/monterra.hr\/wp-content\/uploads\/2025\/02\/logo.png","contentUrl":"https:\/\/monterra.hr\/wp-content\/uploads\/2025\/02\/logo.png","width":300,"height":42,"caption":"Monterra"},"image":{"@id":"https:\/\/monterra.hr\/en\/#\/schema\/logo\/image\/"}}]}},"_links":{"self":[{"href":"https:\/\/monterra.hr\/en\/wp-json\/wp\/v2\/pages\/901","targetHints":{"allow":["GET"]}}],"collection":[{"href":"https:\/\/monterra.hr\/en\/wp-json\/wp\/v2\/pages"}],"about":[{"href":"https:\/\/monterra.hr\/en\/wp-json\/wp\/v2\/types\/page"}],"author":[{"embeddable":true,"href":"https:\/\/monterra.hr\/en\/wp-json\/wp\/v2\/users\/2"}],"replies":[{"embeddable":true,"href":"https:\/\/monterra.hr\/en\/wp-json\/wp\/v2\/comments?post=901"}],"version-history":[{"count":2,"href":"https:\/\/monterra.hr\/en\/wp-json\/wp\/v2\/pages\/901\/revisions"}],"predecessor-version":[{"id":904,"href":"https:\/\/monterra.hr\/en\/wp-json\/wp\/v2\/pages\/901\/revisions\/904"}],"wp:attachment":[{"href":"https:\/\/monterra.hr\/en\/wp-json\/wp\/v2\/media?parent=901"}],"curies":[{"name":"wp","href":"https:\/\/api.w.org\/{rel}","templated":true}]}}