{"id":486,"date":"2025-02-18T11:09:03","date_gmt":"2025-02-18T10:09:03","guid":{"rendered":"https:\/\/monterra.hr\/dejavnosti\/"},"modified":"2025-05-19T15:14:55","modified_gmt":"2025-05-19T13:14:55","slug":"dejavnosti","status":"publish","type":"page","link":"https:\/\/monterra.hr\/sl\/dejavnosti\/","title":{"rendered":"Dejavnosti"},"content":{"rendered":"\n<div class=\"wp-block-group page intro alignfull position-relative mb-5 mb-md-0\"><div class=\"wp-block-group__inner-container is-layout-constrained wp-block-group-is-layout-constrained\">\n<figure class=\"wp-block-image size-large\"><img loading=\"lazy\" decoding=\"async\" width=\"1024\" height=\"768\" src=\"https:\/\/monterra.hr\/wp-content\/uploads\/2025\/05\/1sm-1024x768.jpg\" alt=\"\" class=\"wp-image-799\" srcset=\"https:\/\/monterra.hr\/wp-content\/uploads\/2025\/05\/1sm-1024x768.jpg 1024w, https:\/\/monterra.hr\/wp-content\/uploads\/2025\/05\/1sm-300x225.jpg 300w, https:\/\/monterra.hr\/wp-content\/uploads\/2025\/05\/1sm-768x576.jpg 768w, https:\/\/monterra.hr\/wp-content\/uploads\/2025\/05\/1sm-1536x1152.jpg 1536w, https:\/\/monterra.hr\/wp-content\/uploads\/2025\/05\/1sm.jpg 1600w\" sizes=\"auto, (max-width: 1024px) 100vw, 1024px\" \/><\/figure>\n\n\n\n<div class=\"wp-block-columns is-layout-flex wp-container-core-columns-is-layout-9d6595d7 wp-block-columns-is-layout-flex\">\n<div class=\"wp-block-column d-flex flex-column justify-content-center has-white-color has-darkgray-background-color has-text-color has-background has-link-color wp-elements-0b706c2529edaa0b5ec8734c0b5e927d is-layout-flow wp-block-column-is-layout-flow\">\n<h1 class=\"wp-block-heading has-text-align-center mb-4 has-white-color has-text-color has-link-color wp-elements-92c2272f50b0cfc10776d8a7a3119550\" data-aos=\"fade\" data-aos-delay=\"250\" data-aos-duration=\"500\">Dejavnosti<\/h1>\n\n\n\n<p class=\"has-text-align-center has-white-color has-text-color has-link-color wp-elements-c7690a1de45733601300c850926eba67\" data-aos=\"fade\" data-aos-delay=\"250\" data-aos-duration=\"500\">Kao lideri na tr\u017ei\u0161tu specijalizirani za geotehni\u010dke usluge, posebno se isti\u010demo u rje\u0161avanju kompleksnih izazova za\u0161tite i sanacije, koriste\u0107i napredne tehnologije i metode za radove na visini.<\/p>\n<\/div>\n<\/div>\n<\/div><\/div>\n\n<div id=\"djelatnosti\" class=\"wp-block-group w-100 w-xl-70 mx-auto mt-5 py-3 py-xl-5\" data-aos=\"fade-up\" data-aos-delay=\"250\" data-aos-duration=\"500\"><div class=\"wp-block-group__inner-container is-layout-constrained wp-block-group-is-layout-constrained\">\n<div class=\"djelatnosti\">\n\t<div class=\"row\">\n\t\t\t\t\t<div class=\"col-12 col-md-6 col-lg-4 mb-0 mb-md-3\">\n\t\t\t\t<article class=\"category-djelatnosti position-relative\">\n\t\t\t\t\t<div class=\"vt-img-box img-pb-60 object-fit-cover\">\n\t\t\t\t\t\t<img loading=\"lazy\" decoding=\"async\" width=\"300\" height=\"151\" src=\"https:\/\/monterra.hr\/wp-content\/uploads\/2025\/02\/Barijera-3.jpg\" class=\"attachment-300x170 size-300x170 wp-post-image\" alt=\"\" srcset=\"https:\/\/monterra.hr\/wp-content\/uploads\/2025\/02\/Barijera-3.jpg 1892w, https:\/\/monterra.hr\/wp-content\/uploads\/2025\/02\/Barijera-3-300x151.jpg 300w, https:\/\/monterra.hr\/wp-content\/uploads\/2025\/02\/Barijera-3-1024x516.jpg 1024w, https:\/\/monterra.hr\/wp-content\/uploads\/2025\/02\/Barijera-3-768x387.jpg 768w, https:\/\/monterra.hr\/wp-content\/uploads\/2025\/02\/Barijera-3-1536x774.jpg 1536w\" sizes=\"auto, (max-width: 300px) 100vw, 300px\" \/>\t\t\t\t\t<\/div>\n\t\t\t\t\t<h2 class=\"h2 entry-title\">\n\t\t\t\t\t\tProtiplazne pregrade\t\t\t\t\t<\/h2>\n\t\t\t\t\t<p><!-- wp:paragraph -->\n<p>Specijalizirani smo za izradu i instalaciju barijera protiv odrona koje pru\u017eaju pouzdanu za\u0161titu od nepredvidivih prirodnih procesa. Koristimo napredne materijale i tehnike konstrukcije kako bismo osigurali visoku otpornost na vanjske utjecaje i dugotrajnu funkcionalnost. Na\u0161 tim stru\u010dnjaka posve\u0107en je prilago\u0111avanju svakom projektu, uzimaju\u0107i u obzir specifi\u010dnosti terena i zahtjeve okoline.<\/p>\n<!-- \/wp:paragraph --><!-- wp:gallery {\"linkTo\":\"none\"} -->\n<figure class=\"wp-block-gallery has-nested-images columns-default is-cropped\"><!-- wp:image {\"id\":329,\"sizeSlug\":\"large\",\"linkDestination\":\"none\"} -->\n<figure class=\"wp-block-image size-large\"><img loading=\"lazy\" decoding=\"async\" width=\"1000\" height=\"563\" src=\"https:\/\/monterra.hr\/wp-content\/uploads\/2025\/02\/b5784d706a73a1efe5621ec3413f6d77.jpg\" alt=\"\" class=\"wp-image-329\" srcset=\"https:\/\/monterra.hr\/wp-content\/uploads\/2025\/02\/b5784d706a73a1efe5621ec3413f6d77.jpg 1000w, https:\/\/monterra.hr\/wp-content\/uploads\/2025\/02\/b5784d706a73a1efe5621ec3413f6d77-300x169.jpg 300w, https:\/\/monterra.hr\/wp-content\/uploads\/2025\/02\/b5784d706a73a1efe5621ec3413f6d77-768x432.jpg 768w\" sizes=\"auto, (max-width: 1000px) 100vw, 1000px\" \/><\/figure>\n<!-- \/wp:image -->\n\n<!-- wp:image {\"id\":327,\"sizeSlug\":\"large\",\"linkDestination\":\"none\"} -->\n<figure class=\"wp-block-image size-large\"><img loading=\"lazy\" decoding=\"async\" width=\"1000\" height=\"751\" src=\"https:\/\/monterra.hr\/wp-content\/uploads\/2025\/02\/e8e533faba854d466a49de5914726d53.jpg\" alt=\"\" class=\"wp-image-327\" srcset=\"https:\/\/monterra.hr\/wp-content\/uploads\/2025\/02\/e8e533faba854d466a49de5914726d53.jpg 1000w, https:\/\/monterra.hr\/wp-content\/uploads\/2025\/02\/e8e533faba854d466a49de5914726d53-300x225.jpg 300w, https:\/\/monterra.hr\/wp-content\/uploads\/2025\/02\/e8e533faba854d466a49de5914726d53-768x577.jpg 768w\" sizes=\"auto, (max-width: 1000px) 100vw, 1000px\" \/><\/figure>\n<!-- \/wp:image -->\n\n<!-- wp:image {\"id\":331,\"sizeSlug\":\"large\",\"linkDestination\":\"none\"} -->\n<figure class=\"wp-block-image size-large\"><img loading=\"lazy\" decoding=\"async\" width=\"1000\" height=\"751\" src=\"https:\/\/monterra.hr\/wp-content\/uploads\/2025\/02\/bfca2355aeb656924ee36d4e1d240b50.jpg\" alt=\"\" class=\"wp-image-331\" srcset=\"https:\/\/monterra.hr\/wp-content\/uploads\/2025\/02\/bfca2355aeb656924ee36d4e1d240b50.jpg 1000w, https:\/\/monterra.hr\/wp-content\/uploads\/2025\/02\/bfca2355aeb656924ee36d4e1d240b50-300x225.jpg 300w, https:\/\/monterra.hr\/wp-content\/uploads\/2025\/02\/bfca2355aeb656924ee36d4e1d240b50-768x577.jpg 768w\" sizes=\"auto, (max-width: 1000px) 100vw, 1000px\" \/><\/figure>\n<!-- \/wp:image -->\n\n<!-- wp:image {\"id\":233,\"sizeSlug\":\"large\",\"linkDestination\":\"none\"} -->\n<figure class=\"wp-block-image size-large\"><img loading=\"lazy\" decoding=\"async\" width=\"595\" height=\"390\" src=\"https:\/\/monterra.hr\/wp-content\/uploads\/2025\/02\/biomac.jpg\" alt=\"\" class=\"wp-image-233\" srcset=\"https:\/\/monterra.hr\/wp-content\/uploads\/2025\/02\/biomac.jpg 595w, https:\/\/monterra.hr\/wp-content\/uploads\/2025\/02\/biomac-300x197.jpg 300w\" sizes=\"auto, (max-width: 595px) 100vw, 595px\" \/><\/figure>\n<!-- \/wp:image --><\/figure>\n<!-- \/wp:gallery --><\/p>\n\t\t\t\t<\/article>\n\t\t\t<\/div>\n\n\t\t\t\t\t<div class=\"col-12 col-md-6 col-lg-4 mb-0 mb-md-3\">\n\t\t\t\t<article class=\"category-djelatnosti position-relative\">\n\t\t\t\t\t<div class=\"vt-img-box img-pb-60 object-fit-cover\">\n\t\t\t\t\t\t<img loading=\"lazy\" decoding=\"async\" width=\"226\" height=\"170\" src=\"https:\/\/monterra.hr\/wp-content\/uploads\/2025\/02\/bfca2355aeb656924ee36d4e1d240b50.jpg\" class=\"attachment-300x170 size-300x170 wp-post-image\" alt=\"\" srcset=\"https:\/\/monterra.hr\/wp-content\/uploads\/2025\/02\/bfca2355aeb656924ee36d4e1d240b50.jpg 1000w, https:\/\/monterra.hr\/wp-content\/uploads\/2025\/02\/bfca2355aeb656924ee36d4e1d240b50-300x225.jpg 300w, https:\/\/monterra.hr\/wp-content\/uploads\/2025\/02\/bfca2355aeb656924ee36d4e1d240b50-768x577.jpg 768w\" sizes=\"auto, (max-width: 226px) 100vw, 226px\" \/>\t\t\t\t\t<\/div>\n\t\t\t\t\t<h2 class=\"h2 entry-title\">\n\t\t\t\t\t\tPopravilo pobo\u010dij\t\t\t\t\t<\/h2>\n\t\t\t\t\t<p><!-- wp:paragraph -->\n<p>Sanacija pokosa je klju\u010dni postupak za o\u010duvanje stabilnosti terena i sprje\u010davanje erozije. Pru\u017eamo sveobuhvatna rje\u0161enja za sanaciju pokosa koja zadovoljavaju najvi\u0161e standarde u geotehni\u010dkom in\u017eenjeringu. Koristimo napredne tehnike analize tla kako bismo identificirali uzroke erozije i stabilizirali pokose na u\u010dinkovit i dugoro\u010dan na\u010din. S pouzdanim metodama, iskustvom i kvalitetnom opremom, osiguravamo trajnu stabilnost pokosa uz minimalan utjecaj na okoli\u0161.<\/p>\n<!-- \/wp:paragraph --><!-- wp:gallery {\"linkTo\":\"none\"} -->\n<figure class=\"wp-block-gallery has-nested-images columns-default is-cropped\"><!-- wp:image {\"id\":331,\"sizeSlug\":\"large\",\"linkDestination\":\"none\"} -->\n<figure class=\"wp-block-image size-large\"><img loading=\"lazy\" decoding=\"async\" width=\"1000\" height=\"751\" src=\"https:\/\/monterra.hr\/wp-content\/uploads\/2025\/02\/bfca2355aeb656924ee36d4e1d240b50.jpg\" alt=\"\" class=\"wp-image-331\" srcset=\"https:\/\/monterra.hr\/wp-content\/uploads\/2025\/02\/bfca2355aeb656924ee36d4e1d240b50.jpg 1000w, https:\/\/monterra.hr\/wp-content\/uploads\/2025\/02\/bfca2355aeb656924ee36d4e1d240b50-300x225.jpg 300w, https:\/\/monterra.hr\/wp-content\/uploads\/2025\/02\/bfca2355aeb656924ee36d4e1d240b50-768x577.jpg 768w\" sizes=\"auto, (max-width: 1000px) 100vw, 1000px\" \/><\/figure>\n<!-- \/wp:image -->\n\n<!-- wp:image {\"id\":329,\"sizeSlug\":\"large\",\"linkDestination\":\"none\"} -->\n<figure class=\"wp-block-image size-large\"><img loading=\"lazy\" decoding=\"async\" width=\"1000\" height=\"563\" src=\"https:\/\/monterra.hr\/wp-content\/uploads\/2025\/02\/b5784d706a73a1efe5621ec3413f6d77.jpg\" alt=\"\" class=\"wp-image-329\" srcset=\"https:\/\/monterra.hr\/wp-content\/uploads\/2025\/02\/b5784d706a73a1efe5621ec3413f6d77.jpg 1000w, https:\/\/monterra.hr\/wp-content\/uploads\/2025\/02\/b5784d706a73a1efe5621ec3413f6d77-300x169.jpg 300w, https:\/\/monterra.hr\/wp-content\/uploads\/2025\/02\/b5784d706a73a1efe5621ec3413f6d77-768x432.jpg 768w\" sizes=\"auto, (max-width: 1000px) 100vw, 1000px\" \/><\/figure>\n<!-- \/wp:image -->\n\n<!-- wp:image {\"id\":327,\"sizeSlug\":\"large\",\"linkDestination\":\"none\"} -->\n<figure class=\"wp-block-image size-large\"><img loading=\"lazy\" decoding=\"async\" width=\"1000\" height=\"751\" src=\"https:\/\/monterra.hr\/wp-content\/uploads\/2025\/02\/e8e533faba854d466a49de5914726d53.jpg\" alt=\"\" class=\"wp-image-327\" srcset=\"https:\/\/monterra.hr\/wp-content\/uploads\/2025\/02\/e8e533faba854d466a49de5914726d53.jpg 1000w, https:\/\/monterra.hr\/wp-content\/uploads\/2025\/02\/e8e533faba854d466a49de5914726d53-300x225.jpg 300w, https:\/\/monterra.hr\/wp-content\/uploads\/2025\/02\/e8e533faba854d466a49de5914726d53-768x577.jpg 768w\" sizes=\"auto, (max-width: 1000px) 100vw, 1000px\" \/><\/figure>\n<!-- \/wp:image -->\n\n<!-- wp:image {\"id\":312,\"sizeSlug\":\"large\",\"linkDestination\":\"none\"} -->\n<figure class=\"wp-block-image size-large\"><img loading=\"lazy\" decoding=\"async\" width=\"1024\" height=\"440\" src=\"https:\/\/monterra.hr\/wp-content\/uploads\/2025\/02\/monterra-djelatnici-1024x440.jpg\" alt=\"\" class=\"wp-image-312\" srcset=\"https:\/\/monterra.hr\/wp-content\/uploads\/2025\/02\/monterra-djelatnici-1024x440.jpg 1024w, https:\/\/monterra.hr\/wp-content\/uploads\/2025\/02\/monterra-djelatnici-300x129.jpg 300w, https:\/\/monterra.hr\/wp-content\/uploads\/2025\/02\/monterra-djelatnici-768x330.jpg 768w, https:\/\/monterra.hr\/wp-content\/uploads\/2025\/02\/monterra-djelatnici-1536x660.jpg 1536w, https:\/\/monterra.hr\/wp-content\/uploads\/2025\/02\/monterra-djelatnici.jpg 1728w\" sizes=\"auto, (max-width: 1024px) 100vw, 1024px\" \/><\/figure>\n<!-- \/wp:image --><\/figure>\n<!-- \/wp:gallery --><\/p>\n\t\t\t\t<\/article>\n\t\t\t<\/div>\n\n\t\t\t<\/div>\n<\/div>\n\n\n\n<\/div><\/div>\n","protected":false},"excerpt":{"rendered":"<p>Dejavnosti Kao lideri na tr\u017ei\u0161tu specijalizirani za geotehni\u010dke usluge, posebno se isti\u010demo u rje\u0161avanju kompleksnih izazova za\u0161tite i sanacije, koriste\u0107i napredne tehnologije i metode za radove na visini. <\/p>\n<p class=\"p-0 mb-0\"><a class=\"btn btn-secondary px-0 mb-0 virtualna-read-more-link\" href=\"https:\/\/monterra.hr\/sl\/dejavnosti\/\">Preberi ve\u010d  &#8211; &#8211; ><span class=\"screen-reader-text\"> from Dejavnosti<\/span><\/a><\/p>\n","protected":false},"author":1,"featured_media":0,"parent":0,"menu_order":0,"comment_status":"closed","ping_status":"closed","template":"page-templates\/editor-title.php","meta":{"footnotes":""},"class_list":["post-486","page","type-page","status-publish","hentry"],"yoast_head":"<!-- This site is optimized with the Yoast SEO plugin v24.7 - https:\/\/yoast.com\/wordpress\/plugins\/seo\/ -->\n<title>Dejavnosti - Monterra - Na\u0161e djelatnosti<\/title>\n<meta name=\"description\" content=\"Monterra pru\u017ea \u0161irok spektar gra\u0111evinskih usluga, od projektiranja do izvo\u0111enja radova. Otkrijte na\u0161e klju\u010dne djelatnosti i stru\u010dnost.\" \/>\n<meta name=\"robots\" content=\"index, follow, max-snippet:-1, max-image-preview:large, max-video-preview:-1\" \/>\n<link rel=\"canonical\" href=\"https:\/\/monterra.hr\/sl\/dejavnosti\/\" \/>\n<meta property=\"og:locale\" content=\"sl_SI\" \/>\n<meta property=\"og:type\" content=\"article\" \/>\n<meta property=\"og:title\" content=\"Dejavnosti - Monterra - Na\u0161e djelatnosti\" \/>\n<meta property=\"og:description\" content=\"Monterra pru\u017ea \u0161irok spektar gra\u0111evinskih usluga, od projektiranja do izvo\u0111enja radova. Otkrijte na\u0161e klju\u010dne djelatnosti i stru\u010dnost.\" \/>\n<meta property=\"og:url\" content=\"https:\/\/monterra.hr\/sl\/dejavnosti\/\" \/>\n<meta property=\"og:site_name\" content=\"Monterra\" \/>\n<meta property=\"article:modified_time\" content=\"2025-05-19T13:14:55+00:00\" \/>\n<meta property=\"og:image\" content=\"https:\/\/monterra.hr\/wp-content\/uploads\/2025\/05\/1sm.jpg\" \/>\n\t<meta property=\"og:image:width\" content=\"1600\" \/>\n\t<meta property=\"og:image:height\" content=\"1200\" \/>\n\t<meta property=\"og:image:type\" content=\"image\/jpeg\" \/>\n<meta name=\"twitter:card\" content=\"summary_large_image\" \/>\n<script type=\"application\/ld+json\" class=\"yoast-schema-graph\">{\"@context\":\"https:\/\/schema.org\",\"@graph\":[{\"@type\":\"WebPage\",\"@id\":\"https:\/\/monterra.hr\/sl\/dejavnosti\/\",\"url\":\"https:\/\/monterra.hr\/sl\/dejavnosti\/\",\"name\":\"Dejavnosti - Monterra - Na\u0161e djelatnosti\",\"isPartOf\":{\"@id\":\"https:\/\/monterra.hr\/sl\/#website\"},\"primaryImageOfPage\":{\"@id\":\"https:\/\/monterra.hr\/sl\/dejavnosti\/#primaryimage\"},\"image\":{\"@id\":\"https:\/\/monterra.hr\/sl\/dejavnosti\/#primaryimage\"},\"thumbnailUrl\":\"https:\/\/monterra.hr\/wp-content\/uploads\/2025\/05\/1sm-1024x768.jpg\",\"datePublished\":\"2025-02-18T10:09:03+00:00\",\"dateModified\":\"2025-05-19T13:14:55+00:00\",\"description\":\"Monterra pru\u017ea \u0161irok spektar gra\u0111evinskih usluga, od projektiranja do izvo\u0111enja radova. Otkrijte na\u0161e klju\u010dne djelatnosti i stru\u010dnost.\",\"breadcrumb\":{\"@id\":\"https:\/\/monterra.hr\/sl\/dejavnosti\/#breadcrumb\"},\"inLanguage\":\"sl-SI\",\"potentialAction\":[{\"@type\":\"ReadAction\",\"target\":[\"https:\/\/monterra.hr\/sl\/dejavnosti\/\"]}]},{\"@type\":\"ImageObject\",\"inLanguage\":\"sl-SI\",\"@id\":\"https:\/\/monterra.hr\/sl\/dejavnosti\/#primaryimage\",\"url\":\"https:\/\/monterra.hr\/wp-content\/uploads\/2025\/05\/1sm-1024x768.jpg\",\"contentUrl\":\"https:\/\/monterra.hr\/wp-content\/uploads\/2025\/05\/1sm-1024x768.jpg\"},{\"@type\":\"BreadcrumbList\",\"@id\":\"https:\/\/monterra.hr\/sl\/dejavnosti\/#breadcrumb\",\"itemListElement\":[{\"@type\":\"ListItem\",\"position\":1,\"name\":\"Po\u010detna stranica\",\"item\":\"https:\/\/monterra.hr\/sl\/\"},{\"@type\":\"ListItem\",\"position\":2,\"name\":\"Dejavnosti\"}]},{\"@type\":\"WebSite\",\"@id\":\"https:\/\/monterra.hr\/sl\/#website\",\"url\":\"https:\/\/monterra.hr\/sl\/\",\"name\":\"Monterra\",\"description\":\"Prvi korak stabilnosti\",\"publisher\":{\"@id\":\"https:\/\/monterra.hr\/sl\/#organization\"},\"potentialAction\":[{\"@type\":\"SearchAction\",\"target\":{\"@type\":\"EntryPoint\",\"urlTemplate\":\"https:\/\/monterra.hr\/sl\/?s={search_term_string}\"},\"query-input\":{\"@type\":\"PropertyValueSpecification\",\"valueRequired\":true,\"valueName\":\"search_term_string\"}}],\"inLanguage\":\"sl-SI\"},{\"@type\":\"Organization\",\"@id\":\"https:\/\/monterra.hr\/sl\/#organization\",\"name\":\"Monterra\",\"url\":\"https:\/\/monterra.hr\/sl\/\",\"logo\":{\"@type\":\"ImageObject\",\"inLanguage\":\"sl-SI\",\"@id\":\"https:\/\/monterra.hr\/sl\/#\/schema\/logo\/image\/\",\"url\":\"https:\/\/monterra.hr\/wp-content\/uploads\/2025\/02\/logo.png\",\"contentUrl\":\"https:\/\/monterra.hr\/wp-content\/uploads\/2025\/02\/logo.png\",\"width\":300,\"height\":42,\"caption\":\"Monterra\"},\"image\":{\"@id\":\"https:\/\/monterra.hr\/sl\/#\/schema\/logo\/image\/\"}}]}<\/script>\n<!-- \/ Yoast SEO plugin. -->","yoast_head_json":{"title":"Dejavnosti - Monterra - Na\u0161e djelatnosti","description":"Monterra pru\u017ea \u0161irok spektar gra\u0111evinskih usluga, od projektiranja do izvo\u0111enja radova. Otkrijte na\u0161e klju\u010dne djelatnosti i stru\u010dnost.","robots":{"index":"index","follow":"follow","max-snippet":"max-snippet:-1","max-image-preview":"max-image-preview:large","max-video-preview":"max-video-preview:-1"},"canonical":"https:\/\/monterra.hr\/sl\/dejavnosti\/","og_locale":"sl_SI","og_type":"article","og_title":"Dejavnosti - Monterra - Na\u0161e djelatnosti","og_description":"Monterra pru\u017ea \u0161irok spektar gra\u0111evinskih usluga, od projektiranja do izvo\u0111enja radova. Otkrijte na\u0161e klju\u010dne djelatnosti i stru\u010dnost.","og_url":"https:\/\/monterra.hr\/sl\/dejavnosti\/","og_site_name":"Monterra","article_modified_time":"2025-05-19T13:14:55+00:00","og_image":[{"width":1600,"height":1200,"url":"https:\/\/monterra.hr\/wp-content\/uploads\/2025\/05\/1sm.jpg","type":"image\/jpeg"}],"twitter_card":"summary_large_image","schema":{"@context":"https:\/\/schema.org","@graph":[{"@type":"WebPage","@id":"https:\/\/monterra.hr\/sl\/dejavnosti\/","url":"https:\/\/monterra.hr\/sl\/dejavnosti\/","name":"Dejavnosti - Monterra - Na\u0161e djelatnosti","isPartOf":{"@id":"https:\/\/monterra.hr\/sl\/#website"},"primaryImageOfPage":{"@id":"https:\/\/monterra.hr\/sl\/dejavnosti\/#primaryimage"},"image":{"@id":"https:\/\/monterra.hr\/sl\/dejavnosti\/#primaryimage"},"thumbnailUrl":"https:\/\/monterra.hr\/wp-content\/uploads\/2025\/05\/1sm-1024x768.jpg","datePublished":"2025-02-18T10:09:03+00:00","dateModified":"2025-05-19T13:14:55+00:00","description":"Monterra pru\u017ea \u0161irok spektar gra\u0111evinskih usluga, od projektiranja do izvo\u0111enja radova. Otkrijte na\u0161e klju\u010dne djelatnosti i stru\u010dnost.","breadcrumb":{"@id":"https:\/\/monterra.hr\/sl\/dejavnosti\/#breadcrumb"},"inLanguage":"sl-SI","potentialAction":[{"@type":"ReadAction","target":["https:\/\/monterra.hr\/sl\/dejavnosti\/"]}]},{"@type":"ImageObject","inLanguage":"sl-SI","@id":"https:\/\/monterra.hr\/sl\/dejavnosti\/#primaryimage","url":"https:\/\/monterra.hr\/wp-content\/uploads\/2025\/05\/1sm-1024x768.jpg","contentUrl":"https:\/\/monterra.hr\/wp-content\/uploads\/2025\/05\/1sm-1024x768.jpg"},{"@type":"BreadcrumbList","@id":"https:\/\/monterra.hr\/sl\/dejavnosti\/#breadcrumb","itemListElement":[{"@type":"ListItem","position":1,"name":"Po\u010detna stranica","item":"https:\/\/monterra.hr\/sl\/"},{"@type":"ListItem","position":2,"name":"Dejavnosti"}]},{"@type":"WebSite","@id":"https:\/\/monterra.hr\/sl\/#website","url":"https:\/\/monterra.hr\/sl\/","name":"Monterra","description":"Prvi korak stabilnosti","publisher":{"@id":"https:\/\/monterra.hr\/sl\/#organization"},"potentialAction":[{"@type":"SearchAction","target":{"@type":"EntryPoint","urlTemplate":"https:\/\/monterra.hr\/sl\/?s={search_term_string}"},"query-input":{"@type":"PropertyValueSpecification","valueRequired":true,"valueName":"search_term_string"}}],"inLanguage":"sl-SI"},{"@type":"Organization","@id":"https:\/\/monterra.hr\/sl\/#organization","name":"Monterra","url":"https:\/\/monterra.hr\/sl\/","logo":{"@type":"ImageObject","inLanguage":"sl-SI","@id":"https:\/\/monterra.hr\/sl\/#\/schema\/logo\/image\/","url":"https:\/\/monterra.hr\/wp-content\/uploads\/2025\/02\/logo.png","contentUrl":"https:\/\/monterra.hr\/wp-content\/uploads\/2025\/02\/logo.png","width":300,"height":42,"caption":"Monterra"},"image":{"@id":"https:\/\/monterra.hr\/sl\/#\/schema\/logo\/image\/"}}]}},"_links":{"self":[{"href":"https:\/\/monterra.hr\/sl\/wp-json\/wp\/v2\/pages\/486","targetHints":{"allow":["GET"]}}],"collection":[{"href":"https:\/\/monterra.hr\/sl\/wp-json\/wp\/v2\/pages"}],"about":[{"href":"https:\/\/monterra.hr\/sl\/wp-json\/wp\/v2\/types\/page"}],"author":[{"embeddable":true,"href":"https:\/\/monterra.hr\/sl\/wp-json\/wp\/v2\/users\/1"}],"replies":[{"embeddable":true,"href":"https:\/\/monterra.hr\/sl\/wp-json\/wp\/v2\/comments?post=486"}],"version-history":[{"count":4,"href":"https:\/\/monterra.hr\/sl\/wp-json\/wp\/v2\/pages\/486\/revisions"}],"predecessor-version":[{"id":804,"href":"https:\/\/monterra.hr\/sl\/wp-json\/wp\/v2\/pages\/486\/revisions\/804"}],"wp:attachment":[{"href":"https:\/\/monterra.hr\/sl\/wp-json\/wp\/v2\/media?parent=486"}],"curies":[{"name":"wp","href":"https:\/\/api.w.org\/{rel}","templated":true}]}}