{"id":489,"date":"2025-02-14T22:06:45","date_gmt":"2025-02-14T21:06:45","guid":{"rendered":"https:\/\/monterra.hr\/o-nas\/"},"modified":"2025-04-25T14:24:55","modified_gmt":"2025-04-25T12:24:55","slug":"o-nas","status":"publish","type":"page","link":"https:\/\/monterra.hr\/sl\/o-nas\/","title":{"rendered":"O nas"},"content":{"rendered":"\n<div class=\"wp-block-group page intro alignfull position-relative mb-5 mb-md-0\"><div class=\"wp-block-group__inner-container is-layout-constrained wp-block-group-is-layout-constrained\">\n<figure class=\"wp-block-image size-full\"><img loading=\"lazy\" decoding=\"async\" width=\"1920\" height=\"1103\" src=\"https:\/\/monterra.hr\/wp-content\/uploads\/2025\/04\/DJI_0058a.jpg\" alt=\"\" class=\"wp-image-774\" srcset=\"https:\/\/monterra.hr\/wp-content\/uploads\/2025\/04\/DJI_0058a.jpg 1920w, https:\/\/monterra.hr\/wp-content\/uploads\/2025\/04\/DJI_0058a-300x172.jpg 300w, https:\/\/monterra.hr\/wp-content\/uploads\/2025\/04\/DJI_0058a-1024x588.jpg 1024w, https:\/\/monterra.hr\/wp-content\/uploads\/2025\/04\/DJI_0058a-768x441.jpg 768w, https:\/\/monterra.hr\/wp-content\/uploads\/2025\/04\/DJI_0058a-1536x882.jpg 1536w\" sizes=\"auto, (max-width: 1920px) 100vw, 1920px\" \/><\/figure>\n\n\n\n<div class=\"wp-block-columns is-layout-flex wp-container-core-columns-is-layout-9d6595d7 wp-block-columns-is-layout-flex\">\n<div class=\"wp-block-column d-flex flex-column justify-content-center has-white-color has-darkgray-background-color has-text-color has-background has-link-color wp-elements-a6e5a9bfaf78ca4aec4ab7a4976c9fc1 is-layout-flow wp-block-column-is-layout-flow\">\n<h1 class=\"wp-block-heading has-text-align-center mb-4 has-white-color has-text-color has-link-color wp-elements-a05262cfb54a42517f296d6a987a8c90\" data-aos=\"fade\" data-aos-delay=\"250\" data-aos-duration=\"500\">O nas<\/h1>\n\n\n\n<p class=\"has-text-align-center has-white-color has-text-color has-link-color wp-elements-1316eda149499cdf445fd9cc0799055d\" data-aos=\"fade\" data-aos-delay=\"250\" data-aos-duration=\"500\">Monterra: inovacijom do samog vrha!<\/p>\n<\/div>\n<\/div>\n<\/div><\/div>\n\n<div class=\"wp-block-columns w-xxl-80 mx-auto gap-0 gap-xl-5 my-lg-5 py-md-3 py-lg-5 is-layout-flex wp-container-core-columns-is-layout-9d6595d7 wp-block-columns-is-layout-flex\" data-aos=\"fade-up\" data-aos-delay=\"250\" data-aos-duration=\"500\">\n<div class=\"wp-block-column is-layout-flow wp-block-column-is-layout-flow\">\n<h2 class=\"wp-block-heading h1 has-darkgray-color has-text-color has-link-color wp-elements-638a1733846ef57f2fff81d04383dd9e\">Tvrtka za geotehniku i geomehaniku<\/h2>\n<\/div>\n\n\n\n<div class=\"wp-block-column pt-lg-5 mt-lg-5 is-layout-flow wp-block-column-is-layout-flow\">\n<p>Monterra d.o.o. osnovana je 2011. godine i pozicionirala se kao jedna od vode\u0107ih in\u017eenjerskih tvrtki u regiji za izvo\u0111enje geotehni\u010dkih i geomehani\u010dkih radova. Posebno se isti\u010de u podru\u010dju izvo\u0111enja za\u0161tite i sanacije stijenskih odrona, ugradnje mlaznog betona te postavljanja razli\u010ditih vrsta geotehni\u010dkih sidara, kao i ostalih zahtjevnih radova na visini.  <\/p>\n\n\n\n<p>Na\u0161a misija je kontinuirano pru\u017eanje kompletnih rje\u0161enja i vrhunske kvalitete, vo\u0111eni stra\u0161\u0107u za inovacijama i stalnim ulaganjem u na\u0161e ljude, znanja i tehnologije. <\/p>\n\n\n\n<p>Na\u0161 poslovni uspjeh temelji se na integritetu, transparentnoj komunikaciji i kontinuiranom razvoju inovativnih rje\u0161enja i proizvoda. Nastojimo pru\u017eiti dodatnu vrijednost na\u0161im poslovnim partnerima te doprinijeti vi\u0161oj razini kvalitete gra\u0111enja na doma\u0107em i regionalnim tr\u017ei\u0161tima. <\/p>\n\n\n\n<p>Nositelji smo AAA certifikata o bonitetnoj izvrsnosti, kao i certifikata ISO 9001.<\/p>\n<\/div>\n<\/div>\n\n<div class=\"wp-block-columns mb-0 is-layout-flex wp-container-core-columns-is-layout-9d6595d7 wp-block-columns-is-layout-flex\" data-aos=\"fade-up\" data-aos-delay=\"250\" data-aos-duration=\"500\">\n<div class=\"wp-block-column is-vertically-aligned-center mb-0 is-layout-flow wp-block-column-is-layout-flow\" style=\"flex-basis:100%\">\n<figure class=\"wp-block-image size-full w-100 mb-0 vt-img-box img-pb-100 img-pb-md-50 img-pb-xl-30 object-fit-cover\"><img loading=\"lazy\" decoding=\"async\" width=\"1600\" height=\"1200\" src=\"https:\/\/monterra.hr\/wp-content\/uploads\/2025\/02\/monterra-radovi-autocesta-hrvatska.jpg\" alt=\"\" class=\"wp-image-79\" srcset=\"https:\/\/monterra.hr\/wp-content\/uploads\/2025\/02\/monterra-radovi-autocesta-hrvatska.jpg 1600w, https:\/\/monterra.hr\/wp-content\/uploads\/2025\/02\/monterra-radovi-autocesta-hrvatska-300x225.jpg 300w, https:\/\/monterra.hr\/wp-content\/uploads\/2025\/02\/monterra-radovi-autocesta-hrvatska-1024x768.jpg 1024w, https:\/\/monterra.hr\/wp-content\/uploads\/2025\/02\/monterra-radovi-autocesta-hrvatska-768x576.jpg 768w, https:\/\/monterra.hr\/wp-content\/uploads\/2025\/02\/monterra-radovi-autocesta-hrvatska-1536x1152.jpg 1536w\" sizes=\"auto, (max-width: 1600px) 100vw, 1600px\" \/><\/figure>\n<\/div>\n<\/div>\n\n<div class=\"wp-block-columns w-xxl-80 mx-auto py-md-3 py-lg-5 is-layout-flex wp-container-core-columns-is-layout-9d6595d7 wp-block-columns-is-layout-flex\" data-aos=\"fade-up\" data-aos-delay=\"250\" data-aos-duration=\"500\">\n<div class=\"wp-block-column is-layout-flow wp-block-column-is-layout-flow\"><\/div>\n\n\n\n<div class=\"wp-block-column py-lg-5 is-layout-flow wp-block-column-is-layout-flow\">\n<p>Vi\u0161egodi\u0161nje ulaganje u ljude i opremu dovelo nas je do pozicije vode\u0107e tvrtke u regiji za geotehni\u010dke radove. Na\u0161 tim mladih in\u017eenjera, strankama pru\u017ea potpunu uslugu od projektiranja do izvedbe geomehani\u010dkih radova. <\/p>\n<\/div>\n<\/div>\n\n<div class=\"wp-block-columns w-xxl-80 mx-auto gap-0 gap-xl-5 my-lg-5 py-md-3 py-lg-5 is-layout-flex wp-container-core-columns-is-layout-9d6595d7 wp-block-columns-is-layout-flex\" data-aos=\"fade-up\" data-aos-delay=\"250\" data-aos-duration=\"500\">\n<div class=\"wp-block-column is-layout-flow wp-block-column-is-layout-flow\">\n<h2 class=\"wp-block-heading h1 has-darkgray-color has-text-color has-link-color wp-elements-92d4ff0d2b83e385d60df03ce549a740\">Regionalno poslovanje i rast<\/h2>\n<\/div>\n\n\n\n<div class=\"wp-block-column pt-lg-5 mt-lg-5 is-layout-flow wp-block-column-is-layout-flow\">\n<p>Zahvaljuju\u0107i velikom broju stru\u010dnjaka, inovativnih tehnologija i kontinuiranom ulaganju u razvoj, osim u Hrvatskoj, uspje\u0161no poslujemo na tr\u017ei\u0161tima Slovenije, Bosne i Hercegovine te Srbije.<\/p>\n\n\n\n<p>U Ogulinu, klju\u010dnom raskri\u017eju cestovnih prometnica za Rijeku i Zagreb, odnosno za Split i Dubrovnik ali i poveznica sa srednjom Europom i Mediteranom, tvrtka ima vlastito skladi\u0161te i proizvodni pogon. Aktivni uredi nalaze se u Rijeci, Samoboru, Mariboru, Ilirskoj Bistrici, Beogradu.  <\/p>\n<\/div>\n<\/div>\n\n<div class=\"wp-block-group banner-cta alignfull position-relative mb-5 mb-md-0\"><div class=\"wp-block-group__inner-container is-layout-constrained wp-block-group-is-layout-constrained\">\n<figure class=\"wp-block-image size-full\"><img loading=\"lazy\" decoding=\"async\" width=\"2000\" height=\"500\" src=\"https:\/\/monterra.hr\/wp-content\/uploads\/2025\/02\/monterra-djelatnosti-zastita-pokosa-1.jpg\" alt=\"\" class=\"wp-image-101\" srcset=\"https:\/\/monterra.hr\/wp-content\/uploads\/2025\/02\/monterra-djelatnosti-zastita-pokosa-1.jpg 2000w, https:\/\/monterra.hr\/wp-content\/uploads\/2025\/02\/monterra-djelatnosti-zastita-pokosa-1-300x75.jpg 300w, https:\/\/monterra.hr\/wp-content\/uploads\/2025\/02\/monterra-djelatnosti-zastita-pokosa-1-1024x256.jpg 1024w, https:\/\/monterra.hr\/wp-content\/uploads\/2025\/02\/monterra-djelatnosti-zastita-pokosa-1-768x192.jpg 768w, https:\/\/monterra.hr\/wp-content\/uploads\/2025\/02\/monterra-djelatnosti-zastita-pokosa-1-1536x384.jpg 1536w\" sizes=\"auto, (max-width: 2000px) 100vw, 2000px\" \/><\/figure>\n\n\n\n<div class=\"wp-block-columns d-flex flex-column justify-content-center is-layout-flex wp-container-core-columns-is-layout-9d6595d7 wp-block-columns-is-layout-flex\">\n<div class=\"wp-block-column d-flex flex-column justify-content-center has-white-color has-darkgray-background-color has-text-color has-background has-link-color wp-elements-7d4b9916bc71922a70ba6471643b048c is-layout-flow wp-block-column-is-layout-flow\">\n<h3 class=\"wp-block-heading has-text-align-center h1 mb-4 has-white-color has-text-color has-link-color wp-elements-d0759c656956279259536d0bac10678f\">Monterra dejavnosti<\/h3>\n\n\n\n<div class=\"wp-block-buttons is-content-justification-center is-layout-flex wp-container-core-buttons-is-layout-16018d1d wp-block-buttons-is-layout-flex\">\n<div class=\"wp-block-button\"><a class=\"wp-block-button__link wp-element-button\" href=\"https:\/\/monterra.hr\/sl\/dejavnosti\/\" rel=\"\/djelatnosti\/\">Preberi ve\u010d<\/a><\/div>\n<\/div>\n<\/div>\n<\/div>\n<\/div><\/div>\n","protected":false},"excerpt":{"rendered":"<p>O nas Monterra: inovacijom do samog vrha! Tvrtka za geotehniku i geomehaniku Monterra d.o.o. osnovana je 2011. godine i pozicionirala se kao jedna od vode\u0107ih in\u017eenjerskih tvrtki u regiji za izvo\u0111enje geotehni\u010dkih i geomehani\u010dkih radova. Posebno se isti\u010de u podru\u010dju izvo\u0111enja za\u0161tite i sanacije stijenskih odrona, ugradnje mlaznog betona te postavljanja razli\u010ditih vrsta geotehni\u010dkih sidara, <\/p>\n<p class=\"p-0 mb-0\"><a class=\"btn btn-secondary px-0 mb-0 virtualna-read-more-link\" href=\"https:\/\/monterra.hr\/sl\/o-nas\/\">Preberi ve\u010d  &#8211; &#8211; ><span class=\"screen-reader-text\"> from O nas<\/span><\/a><\/p>\n","protected":false},"author":1,"featured_media":0,"parent":0,"menu_order":0,"comment_status":"closed","ping_status":"closed","template":"page-templates\/editor-title.php","meta":{"footnotes":""},"class_list":["post-489","page","type-page","status-publish","hentry"],"yoast_head":"<!-- This site is optimized with the Yoast SEO plugin v24.7 - https:\/\/yoast.com\/wordpress\/plugins\/seo\/ -->\n<title>O nas - Monterra - Iskustvo i kvaliteta na prvom mjestu<\/title>\n<meta name=\"description\" content=\"Upoznajte Monterru \u2013 tvrtku s dugogodi\u0161njim iskustvom u inovativnim rje\u0161enjima za gra\u0111evinski sektor. Na\u0161a misija je kvaliteta i pouzdanost.\" \/>\n<meta name=\"robots\" content=\"index, follow, max-snippet:-1, max-image-preview:large, max-video-preview:-1\" \/>\n<link rel=\"canonical\" href=\"https:\/\/monterra.hr\/sl\/o-nas\/\" \/>\n<meta property=\"og:locale\" content=\"sl_SI\" \/>\n<meta property=\"og:type\" content=\"article\" \/>\n<meta property=\"og:title\" content=\"O nas - Monterra - Iskustvo i kvaliteta na prvom mjestu\" \/>\n<meta property=\"og:description\" content=\"Upoznajte Monterru \u2013 tvrtku s dugogodi\u0161njim iskustvom u inovativnim rje\u0161enjima za gra\u0111evinski sektor. Na\u0161a misija je kvaliteta i pouzdanost.\" \/>\n<meta property=\"og:url\" content=\"https:\/\/monterra.hr\/sl\/o-nas\/\" \/>\n<meta property=\"og:site_name\" content=\"Monterra\" \/>\n<meta property=\"article:modified_time\" content=\"2025-04-25T12:24:55+00:00\" \/>\n<meta property=\"og:image\" content=\"https:\/\/monterra.hr\/wp-content\/uploads\/2025\/04\/DJI_0058a.jpg\" \/>\n\t<meta property=\"og:image:width\" content=\"1920\" \/>\n\t<meta property=\"og:image:height\" content=\"1103\" \/>\n\t<meta property=\"og:image:type\" content=\"image\/jpeg\" \/>\n<meta name=\"twitter:card\" content=\"summary_large_image\" \/>\n<meta name=\"twitter:label1\" content=\"Est. reading time\" \/>\n\t<meta name=\"twitter:data1\" content=\"1 minuta\" \/>\n<script type=\"application\/ld+json\" class=\"yoast-schema-graph\">{\"@context\":\"https:\/\/schema.org\",\"@graph\":[{\"@type\":\"WebPage\",\"@id\":\"https:\/\/monterra.hr\/sl\/o-nas\/\",\"url\":\"https:\/\/monterra.hr\/sl\/o-nas\/\",\"name\":\"O nas - Monterra - Iskustvo i kvaliteta na prvom mjestu\",\"isPartOf\":{\"@id\":\"https:\/\/monterra.hr\/sl\/#website\"},\"primaryImageOfPage\":{\"@id\":\"https:\/\/monterra.hr\/sl\/o-nas\/#primaryimage\"},\"image\":{\"@id\":\"https:\/\/monterra.hr\/sl\/o-nas\/#primaryimage\"},\"thumbnailUrl\":\"https:\/\/monterra.hr\/wp-content\/uploads\/2025\/04\/DJI_0058a.jpg\",\"datePublished\":\"2025-02-14T21:06:45+00:00\",\"dateModified\":\"2025-04-25T12:24:55+00:00\",\"description\":\"Upoznajte Monterru \u2013 tvrtku s dugogodi\u0161njim iskustvom u inovativnim rje\u0161enjima za gra\u0111evinski sektor. Na\u0161a misija je kvaliteta i pouzdanost.\",\"breadcrumb\":{\"@id\":\"https:\/\/monterra.hr\/sl\/o-nas\/#breadcrumb\"},\"inLanguage\":\"sl-SI\",\"potentialAction\":[{\"@type\":\"ReadAction\",\"target\":[\"https:\/\/monterra.hr\/sl\/o-nas\/\"]}]},{\"@type\":\"ImageObject\",\"inLanguage\":\"sl-SI\",\"@id\":\"https:\/\/monterra.hr\/sl\/o-nas\/#primaryimage\",\"url\":\"https:\/\/monterra.hr\/wp-content\/uploads\/2025\/04\/DJI_0058a.jpg\",\"contentUrl\":\"https:\/\/monterra.hr\/wp-content\/uploads\/2025\/04\/DJI_0058a.jpg\"},{\"@type\":\"BreadcrumbList\",\"@id\":\"https:\/\/monterra.hr\/sl\/o-nas\/#breadcrumb\",\"itemListElement\":[{\"@type\":\"ListItem\",\"position\":1,\"name\":\"Po\u010detna stranica\",\"item\":\"https:\/\/monterra.hr\/sl\/\"},{\"@type\":\"ListItem\",\"position\":2,\"name\":\"O nas\"}]},{\"@type\":\"WebSite\",\"@id\":\"https:\/\/monterra.hr\/sl\/#website\",\"url\":\"https:\/\/monterra.hr\/sl\/\",\"name\":\"Monterra\",\"description\":\"Prvi korak stabilnosti\",\"publisher\":{\"@id\":\"https:\/\/monterra.hr\/sl\/#organization\"},\"potentialAction\":[{\"@type\":\"SearchAction\",\"target\":{\"@type\":\"EntryPoint\",\"urlTemplate\":\"https:\/\/monterra.hr\/sl\/?s={search_term_string}\"},\"query-input\":{\"@type\":\"PropertyValueSpecification\",\"valueRequired\":true,\"valueName\":\"search_term_string\"}}],\"inLanguage\":\"sl-SI\"},{\"@type\":\"Organization\",\"@id\":\"https:\/\/monterra.hr\/sl\/#organization\",\"name\":\"Monterra\",\"url\":\"https:\/\/monterra.hr\/sl\/\",\"logo\":{\"@type\":\"ImageObject\",\"inLanguage\":\"sl-SI\",\"@id\":\"https:\/\/monterra.hr\/sl\/#\/schema\/logo\/image\/\",\"url\":\"https:\/\/monterra.hr\/wp-content\/uploads\/2025\/02\/logo.png\",\"contentUrl\":\"https:\/\/monterra.hr\/wp-content\/uploads\/2025\/02\/logo.png\",\"width\":300,\"height\":42,\"caption\":\"Monterra\"},\"image\":{\"@id\":\"https:\/\/monterra.hr\/sl\/#\/schema\/logo\/image\/\"}}]}<\/script>\n<!-- \/ Yoast SEO plugin. -->","yoast_head_json":{"title":"O nas - Monterra - Iskustvo i kvaliteta na prvom mjestu","description":"Upoznajte Monterru \u2013 tvrtku s dugogodi\u0161njim iskustvom u inovativnim rje\u0161enjima za gra\u0111evinski sektor. Na\u0161a misija je kvaliteta i pouzdanost.","robots":{"index":"index","follow":"follow","max-snippet":"max-snippet:-1","max-image-preview":"max-image-preview:large","max-video-preview":"max-video-preview:-1"},"canonical":"https:\/\/monterra.hr\/sl\/o-nas\/","og_locale":"sl_SI","og_type":"article","og_title":"O nas - Monterra - Iskustvo i kvaliteta na prvom mjestu","og_description":"Upoznajte Monterru \u2013 tvrtku s dugogodi\u0161njim iskustvom u inovativnim rje\u0161enjima za gra\u0111evinski sektor. Na\u0161a misija je kvaliteta i pouzdanost.","og_url":"https:\/\/monterra.hr\/sl\/o-nas\/","og_site_name":"Monterra","article_modified_time":"2025-04-25T12:24:55+00:00","og_image":[{"width":1920,"height":1103,"url":"https:\/\/monterra.hr\/wp-content\/uploads\/2025\/04\/DJI_0058a.jpg","type":"image\/jpeg"}],"twitter_card":"summary_large_image","twitter_misc":{"Est. reading time":"1 minuta"},"schema":{"@context":"https:\/\/schema.org","@graph":[{"@type":"WebPage","@id":"https:\/\/monterra.hr\/sl\/o-nas\/","url":"https:\/\/monterra.hr\/sl\/o-nas\/","name":"O nas - Monterra - Iskustvo i kvaliteta na prvom mjestu","isPartOf":{"@id":"https:\/\/monterra.hr\/sl\/#website"},"primaryImageOfPage":{"@id":"https:\/\/monterra.hr\/sl\/o-nas\/#primaryimage"},"image":{"@id":"https:\/\/monterra.hr\/sl\/o-nas\/#primaryimage"},"thumbnailUrl":"https:\/\/monterra.hr\/wp-content\/uploads\/2025\/04\/DJI_0058a.jpg","datePublished":"2025-02-14T21:06:45+00:00","dateModified":"2025-04-25T12:24:55+00:00","description":"Upoznajte Monterru \u2013 tvrtku s dugogodi\u0161njim iskustvom u inovativnim rje\u0161enjima za gra\u0111evinski sektor. Na\u0161a misija je kvaliteta i pouzdanost.","breadcrumb":{"@id":"https:\/\/monterra.hr\/sl\/o-nas\/#breadcrumb"},"inLanguage":"sl-SI","potentialAction":[{"@type":"ReadAction","target":["https:\/\/monterra.hr\/sl\/o-nas\/"]}]},{"@type":"ImageObject","inLanguage":"sl-SI","@id":"https:\/\/monterra.hr\/sl\/o-nas\/#primaryimage","url":"https:\/\/monterra.hr\/wp-content\/uploads\/2025\/04\/DJI_0058a.jpg","contentUrl":"https:\/\/monterra.hr\/wp-content\/uploads\/2025\/04\/DJI_0058a.jpg"},{"@type":"BreadcrumbList","@id":"https:\/\/monterra.hr\/sl\/o-nas\/#breadcrumb","itemListElement":[{"@type":"ListItem","position":1,"name":"Po\u010detna stranica","item":"https:\/\/monterra.hr\/sl\/"},{"@type":"ListItem","position":2,"name":"O nas"}]},{"@type":"WebSite","@id":"https:\/\/monterra.hr\/sl\/#website","url":"https:\/\/monterra.hr\/sl\/","name":"Monterra","description":"Prvi korak stabilnosti","publisher":{"@id":"https:\/\/monterra.hr\/sl\/#organization"},"potentialAction":[{"@type":"SearchAction","target":{"@type":"EntryPoint","urlTemplate":"https:\/\/monterra.hr\/sl\/?s={search_term_string}"},"query-input":{"@type":"PropertyValueSpecification","valueRequired":true,"valueName":"search_term_string"}}],"inLanguage":"sl-SI"},{"@type":"Organization","@id":"https:\/\/monterra.hr\/sl\/#organization","name":"Monterra","url":"https:\/\/monterra.hr\/sl\/","logo":{"@type":"ImageObject","inLanguage":"sl-SI","@id":"https:\/\/monterra.hr\/sl\/#\/schema\/logo\/image\/","url":"https:\/\/monterra.hr\/wp-content\/uploads\/2025\/02\/logo.png","contentUrl":"https:\/\/monterra.hr\/wp-content\/uploads\/2025\/02\/logo.png","width":300,"height":42,"caption":"Monterra"},"image":{"@id":"https:\/\/monterra.hr\/sl\/#\/schema\/logo\/image\/"}}]}},"_links":{"self":[{"href":"https:\/\/monterra.hr\/sl\/wp-json\/wp\/v2\/pages\/489","targetHints":{"allow":["GET"]}}],"collection":[{"href":"https:\/\/monterra.hr\/sl\/wp-json\/wp\/v2\/pages"}],"about":[{"href":"https:\/\/monterra.hr\/sl\/wp-json\/wp\/v2\/types\/page"}],"author":[{"embeddable":true,"href":"https:\/\/monterra.hr\/sl\/wp-json\/wp\/v2\/users\/1"}],"replies":[{"embeddable":true,"href":"https:\/\/monterra.hr\/sl\/wp-json\/wp\/v2\/comments?post=489"}],"version-history":[{"count":5,"href":"https:\/\/monterra.hr\/sl\/wp-json\/wp\/v2\/pages\/489\/revisions"}],"predecessor-version":[{"id":780,"href":"https:\/\/monterra.hr\/sl\/wp-json\/wp\/v2\/pages\/489\/revisions\/780"}],"wp:attachment":[{"href":"https:\/\/monterra.hr\/sl\/wp-json\/wp\/v2\/media?parent=489"}],"curies":[{"name":"wp","href":"https:\/\/api.w.org\/{rel}","templated":true}]}}