{"id":505,"date":"2025-02-14T10:41:34","date_gmt":"2025-02-14T09:41:34","guid":{"rendered":"https:\/\/monterra.hr\/domaca-stran\/"},"modified":"2025-03-27T10:26:21","modified_gmt":"2025-03-27T09:26:21","slug":"domaca-stran","status":"publish","type":"page","link":"https:\/\/monterra.hr\/sl\/","title":{"rendered":"Doma\u010da stran"},"content":{"rendered":"\n<div class=\"wp-block-group alignfull\"><div class=\"wp-block-group__inner-container is-layout-constrained wp-block-group-is-layout-constrained\"><div class=\"swiper homepage vt-carousel\">\n\t<div class=\"swiper-wrapper\">\n\t\t\t\t<div class=\"swiper-slide\">\n\t\t\t<div class=\"swiper-img\">\n\t\t\t\t<img loading=\"lazy\" decoding=\"async\" width=\"2016\" height=\"1508\" src=\"https:\/\/monterra.hr\/wp-content\/uploads\/2025\/02\/gabion.jpg\" class=\"attachment-full size-full wp-post-image\" alt=\"\" srcset=\"https:\/\/monterra.hr\/wp-content\/uploads\/2025\/02\/gabion.jpg 2016w, https:\/\/monterra.hr\/wp-content\/uploads\/2025\/02\/gabion-300x224.jpg 300w, https:\/\/monterra.hr\/wp-content\/uploads\/2025\/02\/gabion-1024x766.jpg 1024w, https:\/\/monterra.hr\/wp-content\/uploads\/2025\/02\/gabion-768x574.jpg 768w, https:\/\/monterra.hr\/wp-content\/uploads\/2025\/02\/gabion-1536x1149.jpg 1536w\" sizes=\"auto, (max-width: 2016px) 100vw, 2016px\" \/>\t\t\t<\/div>\n\t\t\t<div class=\"position-absolute w-100 h-100 top-0 d-flex flex-column justify-content-center text-center\">\n\t\t\t\t<div class=\"swiper-content\">\n\t\t\t\t\t<h2 class=\"h2 entry-title color-white\">Na\u0161i izdelki<\/h2>\n\t\t\t\t\t<p><!-- wp:paragraph -->\n<p>\u0160iroka paleta vrhunskih proizvoda<\/p>\n<!-- \/wp:paragraph --><\/p>\n\n\t\t\t\t\t\t\t\t\t\t\t<p class=\"text-center mt-3\">\n\t\t\t\t\t\t\t<a class=\"btn btn-primary btn-swiper\" href=\"\/sl\/izdelki\/\">Preberi ve\u010d<\/a>\t\t\t\t\t\t<\/p>\n\t\t\t\t\t\t\t\t\t\t\n\t\t\t\t<\/div>\n\t\t\t\t<div class=\"overlay\"><\/div>\n\t\t\t<\/div>\t\t\n\t\t<\/div>\n\t\t\t\t<div class=\"swiper-slide\">\n\t\t\t<div class=\"swiper-img\">\n\t\t\t\t<img loading=\"lazy\" decoding=\"async\" width=\"1728\" height=\"744\" src=\"https:\/\/monterra.hr\/wp-content\/uploads\/2025\/02\/monterra-projekti.jpg\" class=\"attachment-full size-full wp-post-image\" alt=\"\" srcset=\"https:\/\/monterra.hr\/wp-content\/uploads\/2025\/02\/monterra-projekti.jpg 1728w, https:\/\/monterra.hr\/wp-content\/uploads\/2025\/02\/monterra-projekti-300x129.jpg 300w, https:\/\/monterra.hr\/wp-content\/uploads\/2025\/02\/monterra-projekti-1024x441.jpg 1024w, https:\/\/monterra.hr\/wp-content\/uploads\/2025\/02\/monterra-projekti-768x331.jpg 768w, https:\/\/monterra.hr\/wp-content\/uploads\/2025\/02\/monterra-projekti-1536x661.jpg 1536w\" sizes=\"auto, (max-width: 1728px) 100vw, 1728px\" \/>\t\t\t<\/div>\n\t\t\t<div class=\"position-absolute w-100 h-100 top-0 d-flex flex-column justify-content-center text-center\">\n\t\t\t\t<div class=\"swiper-content\">\n\t\t\t\t\t<h2 class=\"h2 entry-title color-white\">Na\u0161i projekti<\/h2>\n\t\t\t\t\t<p><\/p>\n\n\t\t\t\t\t\t\t\t\t\t\t<p class=\"text-center mt-3\">\n\t\t\t\t\t\t\t<a class=\"btn btn-primary btn-swiper\" href=\"\/sl\/projekti\/\">Preberi ve\u010d<\/a>\t\t\t\t\t\t<\/p>\n\t\t\t\t\t\t\t\t\t\t\n\t\t\t\t<\/div>\n\t\t\t\t<div class=\"overlay\"><\/div>\n\t\t\t<\/div>\t\t\n\t\t<\/div>\n\t\t\t<\/div>\n\t<div class=\"swiper-pagination\"><\/div>\n<\/div>\n\n<\/div><\/div>\n\n<div class=\"scrolldown\" data-gw-scrollto=\"#media\" data-gw-scrollto-offset=\"-60\">\n<a class=\"scroll-down-btn\" href=\"#about-us\">\n\t<div class=\"scrolldown__arrows\">\n\t\t<div class=\"scrolldown__arrow scrolldown__arrow_1\"><\/div>\n\t\t<div class=\"scrolldown__arrow scrolldown__arrow_2\"><\/div>\n\t\t<div class=\"scrolldown__arrow scrolldown__arrow_3\"><\/div>\n\t<\/div>\n<\/a>\n<\/div>\n\n<div id=\"about-us\" class=\"wp-block-group homepage our-work py-5 py-xl-5\"><div class=\"wp-block-group__inner-container is-layout-constrained wp-block-group-is-layout-constrained\">\n<div class=\"wp-block-columns d-flex flex-nowrap flex-column flex-lg-row  gap-3 gap-md-5 py-3 py-xl-5 column is-layout-flex wp-container-core-columns-is-layout-9d6595d7 wp-block-columns-is-layout-flex\" data-aos=\"fade-up\" data-aos-delay=\"250\" data-aos-duration=\"500\">\n<div class=\"wp-block-column image-wrapper is-layout-flow wp-block-column-is-layout-flow\">\n<figure class=\"wp-block-image size-full vt-img-box img-pb-60 object-fit-cover\"><img loading=\"lazy\" decoding=\"async\" width=\"1000\" height=\"700\" src=\"https:\/\/monterra.hr\/wp-content\/uploads\/2025\/02\/monterra-rad-na-terenu.jpg\" alt=\"\" class=\"wp-image-171\" srcset=\"https:\/\/monterra.hr\/wp-content\/uploads\/2025\/02\/monterra-rad-na-terenu.jpg 1000w, https:\/\/monterra.hr\/wp-content\/uploads\/2025\/02\/monterra-rad-na-terenu-300x210.jpg 300w, https:\/\/monterra.hr\/wp-content\/uploads\/2025\/02\/monterra-rad-na-terenu-768x538.jpg 768w\" sizes=\"auto, (max-width: 1000px) 100vw, 1000px\" \/><\/figure>\n<\/div>\n\n\n\n<div class=\"wp-block-column is-vertically-aligned-center px-md-5 text-center text-xl-left content-wrapper is-layout-flow wp-block-column-is-layout-flow\">\n<p class=\"has-orange-color has-text-color has-link-color wp-elements-b22ce7ebf90fbda57e905f8a10b3c3e3\" style=\"letter-spacing:6px;text-transform:uppercase\">Dejavnosti<\/p>\n\n\n\n<h1 class=\"wp-block-heading has-darkgray-color has-text-color has-link-color wp-elements-b71d84612af98c1df625f385964ff7f2\">Geotehni\u010dka rje\u0161enja za va\u0161e projekte<\/h1>\n\n\n\n<div class=\"wp-block-buttons d-flex justify-content-center justify-content-xl-start is-layout-flex wp-block-buttons-is-layout-flex\">\n<div class=\"wp-block-button\"><a class=\"wp-block-button__link wp-element-button\" href=\"https:\/\/monterra.hr\/sl\/dejavnosti\/\">Preberi ve\u010d &#8211; &#8211; &gt;<\/a><\/div>\n<\/div>\n<\/div>\n<\/div>\n\n\n\n<div class=\"wp-block-columns d-flex flex-nowrap flex-column-reverse flex-lg-row gap-3 gap-md-5 py-3 py-xl-5 column is-layout-flex wp-container-core-columns-is-layout-9d6595d7 wp-block-columns-is-layout-flex\" data-aos=\"fade-up\" data-aos-delay=\"250\" data-aos-duration=\"500\">\n<div class=\"wp-block-column is-vertically-aligned-center px-md-5 text-center text-xl-right content-wrapper is-layout-flow wp-block-column-is-layout-flow\">\n<p class=\"has-orange-color has-text-color has-link-color wp-elements-01798393dcf3cdb96c72f56122f67cca\" style=\"letter-spacing:6px;text-transform:uppercase\">Proizvodnja<\/p>\n\n\n\n<h2 class=\"wp-block-heading has-darkgray-color has-text-color has-link-color wp-elements-f67585818c9ee672dd9fe588c4680624\">Stru\u010dna podr\u0161ka i isporuka materijala<\/h2>\n\n\n\n<div class=\"wp-block-buttons d-flex justify-content-center justify-content-xl-end is-layout-flex wp-block-buttons-is-layout-flex\">\n<div class=\"wp-block-button\"><a class=\"wp-block-button__link wp-element-button\" href=\"\/sl\/izdelki\/\">Preberi ve\u010d &#8211; &#8211; &gt;<\/a><\/div>\n<\/div>\n<\/div>\n\n\n\n<div class=\"wp-block-column image-wrapper is-layout-flow wp-block-column-is-layout-flow\">\n<figure class=\"wp-block-image size-full vt-img-box img-pb-60 object-fit-cover\"><img loading=\"lazy\" decoding=\"async\" width=\"1000\" height=\"700\" src=\"https:\/\/monterra.hr\/wp-content\/uploads\/2025\/02\/monterra-radnici-na-terenu.jpg\" alt=\"\" class=\"wp-image-172\" srcset=\"https:\/\/monterra.hr\/wp-content\/uploads\/2025\/02\/monterra-radnici-na-terenu.jpg 1000w, https:\/\/monterra.hr\/wp-content\/uploads\/2025\/02\/monterra-radnici-na-terenu-300x210.jpg 300w, https:\/\/monterra.hr\/wp-content\/uploads\/2025\/02\/monterra-radnici-na-terenu-768x538.jpg 768w\" sizes=\"auto, (max-width: 1000px) 100vw, 1000px\" \/><\/figure>\n<\/div>\n<\/div>\n<\/div><\/div>\n\n<div class=\"wp-block-group banner-cta alignfull position-relative mb-5 mb-md-0\"><div class=\"wp-block-group__inner-container is-layout-constrained wp-block-group-is-layout-constrained\">\n<figure class=\"wp-block-image size-full\"><img loading=\"lazy\" decoding=\"async\" width=\"2000\" height=\"500\" src=\"https:\/\/monterra.hr\/wp-content\/uploads\/2025\/02\/monterra-djelatnosti-zastita-pokosa-1.jpg\" alt=\"\" class=\"wp-image-101\" srcset=\"https:\/\/monterra.hr\/wp-content\/uploads\/2025\/02\/monterra-djelatnosti-zastita-pokosa-1.jpg 2000w, https:\/\/monterra.hr\/wp-content\/uploads\/2025\/02\/monterra-djelatnosti-zastita-pokosa-1-300x75.jpg 300w, https:\/\/monterra.hr\/wp-content\/uploads\/2025\/02\/monterra-djelatnosti-zastita-pokosa-1-1024x256.jpg 1024w, https:\/\/monterra.hr\/wp-content\/uploads\/2025\/02\/monterra-djelatnosti-zastita-pokosa-1-768x192.jpg 768w, https:\/\/monterra.hr\/wp-content\/uploads\/2025\/02\/monterra-djelatnosti-zastita-pokosa-1-1536x384.jpg 1536w\" sizes=\"auto, (max-width: 2000px) 100vw, 2000px\" \/><\/figure>\n\n\n\n<div class=\"wp-block-columns d-flex flex-column justify-content-center is-layout-flex wp-container-core-columns-is-layout-9d6595d7 wp-block-columns-is-layout-flex\">\n<div class=\"wp-block-column d-flex flex-column justify-content-center has-white-color has-darkgray-background-color has-text-color has-background has-link-color wp-elements-7d4b9916bc71922a70ba6471643b048c is-layout-flow wp-block-column-is-layout-flow\">\n<h3 class=\"wp-block-heading has-text-align-center h1 mb-4 has-white-color has-text-color has-link-color wp-elements-d0759c656956279259536d0bac10678f\">Monterra dejavnosti<\/h3>\n\n\n\n<div class=\"wp-block-buttons is-content-justification-center is-layout-flex wp-container-core-buttons-is-layout-16018d1d wp-block-buttons-is-layout-flex\">\n<div class=\"wp-block-button\"><a class=\"wp-block-button__link wp-element-button\" href=\"https:\/\/monterra.hr\/sl\/dejavnosti\/\" rel=\"\/djelatnosti\/\">Preberi ve\u010d<\/a><\/div>\n<\/div>\n<\/div>\n<\/div>\n<\/div><\/div>\n\n<div class=\"wp-block-columns homepage about-us w-90 w-xl-60 mx-auto pt-md-5 has-darkgray-color has-text-color has-link-color wp-elements-6bc426d648cc0e6dcd5487136687864d is-layout-flex wp-container-core-columns-is-layout-9d6595d7 wp-block-columns-is-layout-flex\" data-aos=\"fade-up\" data-aos-delay=\"250\" data-aos-duration=\"500\">\n<div class=\"wp-block-column pt-xl-5 is-layout-flow wp-block-column-is-layout-flow\">\n<p class=\"has-darkgray-color has-text-color has-link-color has-x-large-font-size wp-elements-4c27d71592f97999dfda7f7f097ecffd\">Na\u0161a misija je kontinuirano pru\u017eanje kompletnih rje\u0161enja i vrhunske kvalitete, vo\u0111eni stra\u0161\u0107u za inovacijama i stalnim ulaganjem u na\u0161e ljude, znanja i tehnologije. <\/p>\n\n\n\n<div class=\"wp-block-buttons is-layout-flex wp-block-buttons-is-layout-flex\">\n<div class=\"wp-block-button\"><a class=\"wp-block-button__link wp-element-button\" href=\"https:\/\/monterra.hr\/sl\/o-nas\/\" rel=\"\/o-nama\/\">Preberi ve\u010d &#8211; &#8211; &gt;<\/a><\/div>\n<\/div>\n<\/div>\n<\/div>\n","protected":false},"excerpt":{"rendered":"<p>Dejavnosti Geotehni\u010dka rje\u0161enja za va\u0161e projekte Proizvodnja Stru\u010dna podr\u0161ka i isporuka materijala Na\u0161a misija je kontinuirano pru\u017eanje kompletnih rje\u0161enja i vrhunske kvalitete, vo\u0111eni stra\u0161\u0107u za inovacijama i stalnim ulaganjem u na\u0161e ljude, znanja i tehnologije. <\/p>\n<p class=\"p-0 mb-0\"><a class=\"btn btn-secondary px-0 mb-0 virtualna-read-more-link\" href=\"https:\/\/monterra.hr\/sl\/\">Preberi ve\u010d  &#8211; &#8211; ><span class=\"screen-reader-text\"> from Doma\u010da stran<\/span><\/a><\/p>\n","protected":false},"author":1,"featured_media":0,"parent":0,"menu_order":0,"comment_status":"closed","ping_status":"open","template":"page-templates\/homepage.php","meta":{"footnotes":""},"class_list":["post-505","page","type-page","status-publish","hentry"],"yoast_head":"<!-- This site is optimized with the Yoast SEO plugin v24.7 - https:\/\/yoast.com\/wordpress\/plugins\/seo\/ -->\n<title>Doma\u010da stran - Monterra - Stru\u010dnjaci za inovativna rje\u0161enja<\/title>\n<meta name=\"description\" content=\"Dobrodo\u0161li u Monterru! Nudimo visokokvalitetne proizvode i usluge u gra\u0111evinskom sektoru. Saznajte vi\u0161e o na\u0161im projektima i djelatnostima.\" \/>\n<meta name=\"robots\" content=\"index, follow, max-snippet:-1, max-image-preview:large, max-video-preview:-1\" \/>\n<link rel=\"canonical\" href=\"https:\/\/monterra.hr\/sl\/\" \/>\n<meta property=\"og:locale\" content=\"sl_SI\" \/>\n<meta property=\"og:type\" content=\"article\" \/>\n<meta property=\"og:title\" content=\"Doma\u010da stran - Monterra - Stru\u010dnjaci za inovativna rje\u0161enja\" \/>\n<meta property=\"og:description\" content=\"Dobrodo\u0161li u Monterru! Nudimo visokokvalitetne proizvode i usluge u gra\u0111evinskom sektoru. Saznajte vi\u0161e o na\u0161im projektima i djelatnostima.\" \/>\n<meta property=\"og:url\" content=\"https:\/\/monterra.hr\/sl\/\" \/>\n<meta property=\"og:site_name\" content=\"Monterra\" \/>\n<meta property=\"article:modified_time\" content=\"2025-03-27T09:26:21+00:00\" \/>\n<meta property=\"og:image\" content=\"https:\/\/monterra.hr\/wp-content\/uploads\/2025\/02\/monterra-rad-na-terenu.jpg\" \/>\n<meta name=\"twitter:card\" content=\"summary_large_image\" \/>\n<script type=\"application\/ld+json\" class=\"yoast-schema-graph\">{\"@context\":\"https:\/\/schema.org\",\"@graph\":[{\"@type\":\"WebPage\",\"@id\":\"https:\/\/monterra.hr\/sl\/\",\"url\":\"https:\/\/monterra.hr\/sl\/\",\"name\":\"Doma\u010da stran - Monterra - Stru\u010dnjaci za inovativna rje\u0161enja\",\"isPartOf\":{\"@id\":\"https:\/\/monterra.hr\/sl\/#website\"},\"primaryImageOfPage\":{\"@id\":\"https:\/\/monterra.hr\/sl\/#primaryimage\"},\"image\":{\"@id\":\"https:\/\/monterra.hr\/sl\/#primaryimage\"},\"thumbnailUrl\":\"https:\/\/monterra.hr\/wp-content\/uploads\/2025\/02\/monterra-rad-na-terenu.jpg\",\"datePublished\":\"2025-02-14T09:41:34+00:00\",\"dateModified\":\"2025-03-27T09:26:21+00:00\",\"description\":\"Dobrodo\u0161li u Monterru! Nudimo visokokvalitetne proizvode i usluge u gra\u0111evinskom sektoru. Saznajte vi\u0161e o na\u0161im projektima i djelatnostima.\",\"breadcrumb\":{\"@id\":\"https:\/\/monterra.hr\/sl\/#breadcrumb\"},\"inLanguage\":\"sl-SI\",\"potentialAction\":[{\"@type\":\"ReadAction\",\"target\":[\"https:\/\/monterra.hr\/sl\/\"]}]},{\"@type\":\"ImageObject\",\"inLanguage\":\"sl-SI\",\"@id\":\"https:\/\/monterra.hr\/sl\/#primaryimage\",\"url\":\"https:\/\/monterra.hr\/wp-content\/uploads\/2025\/02\/monterra-rad-na-terenu.jpg\",\"contentUrl\":\"https:\/\/monterra.hr\/wp-content\/uploads\/2025\/02\/monterra-rad-na-terenu.jpg\"},{\"@type\":\"BreadcrumbList\",\"@id\":\"https:\/\/monterra.hr\/sl\/#breadcrumb\",\"itemListElement\":[{\"@type\":\"ListItem\",\"position\":1,\"name\":\"Po\u010detna stranica\",\"item\":\"https:\/\/monterra.hr\/sl\/\"},{\"@type\":\"ListItem\",\"position\":2,\"name\":\"Doma\u010da stran\"}]},{\"@type\":\"WebSite\",\"@id\":\"https:\/\/monterra.hr\/sl\/#website\",\"url\":\"https:\/\/monterra.hr\/sl\/\",\"name\":\"Monterra\",\"description\":\"Prvi korak stabilnosti\",\"publisher\":{\"@id\":\"https:\/\/monterra.hr\/sl\/#organization\"},\"potentialAction\":[{\"@type\":\"SearchAction\",\"target\":{\"@type\":\"EntryPoint\",\"urlTemplate\":\"https:\/\/monterra.hr\/sl\/?s={search_term_string}\"},\"query-input\":{\"@type\":\"PropertyValueSpecification\",\"valueRequired\":true,\"valueName\":\"search_term_string\"}}],\"inLanguage\":\"sl-SI\"},{\"@type\":\"Organization\",\"@id\":\"https:\/\/monterra.hr\/sl\/#organization\",\"name\":\"Monterra\",\"url\":\"https:\/\/monterra.hr\/sl\/\",\"logo\":{\"@type\":\"ImageObject\",\"inLanguage\":\"sl-SI\",\"@id\":\"https:\/\/monterra.hr\/sl\/#\/schema\/logo\/image\/\",\"url\":\"https:\/\/monterra.hr\/wp-content\/uploads\/2025\/02\/logo.png\",\"contentUrl\":\"https:\/\/monterra.hr\/wp-content\/uploads\/2025\/02\/logo.png\",\"width\":300,\"height\":42,\"caption\":\"Monterra\"},\"image\":{\"@id\":\"https:\/\/monterra.hr\/sl\/#\/schema\/logo\/image\/\"}}]}<\/script>\n<!-- \/ Yoast SEO plugin. -->","yoast_head_json":{"title":"Doma\u010da stran - Monterra - Stru\u010dnjaci za inovativna rje\u0161enja","description":"Dobrodo\u0161li u Monterru! Nudimo visokokvalitetne proizvode i usluge u gra\u0111evinskom sektoru. Saznajte vi\u0161e o na\u0161im projektima i djelatnostima.","robots":{"index":"index","follow":"follow","max-snippet":"max-snippet:-1","max-image-preview":"max-image-preview:large","max-video-preview":"max-video-preview:-1"},"canonical":"https:\/\/monterra.hr\/sl\/","og_locale":"sl_SI","og_type":"article","og_title":"Doma\u010da stran - Monterra - Stru\u010dnjaci za inovativna rje\u0161enja","og_description":"Dobrodo\u0161li u Monterru! Nudimo visokokvalitetne proizvode i usluge u gra\u0111evinskom sektoru. Saznajte vi\u0161e o na\u0161im projektima i djelatnostima.","og_url":"https:\/\/monterra.hr\/sl\/","og_site_name":"Monterra","article_modified_time":"2025-03-27T09:26:21+00:00","og_image":[{"url":"https:\/\/monterra.hr\/wp-content\/uploads\/2025\/02\/monterra-rad-na-terenu.jpg","type":"","width":"","height":""}],"twitter_card":"summary_large_image","schema":{"@context":"https:\/\/schema.org","@graph":[{"@type":"WebPage","@id":"https:\/\/monterra.hr\/sl\/","url":"https:\/\/monterra.hr\/sl\/","name":"Doma\u010da stran - Monterra - Stru\u010dnjaci za inovativna rje\u0161enja","isPartOf":{"@id":"https:\/\/monterra.hr\/sl\/#website"},"primaryImageOfPage":{"@id":"https:\/\/monterra.hr\/sl\/#primaryimage"},"image":{"@id":"https:\/\/monterra.hr\/sl\/#primaryimage"},"thumbnailUrl":"https:\/\/monterra.hr\/wp-content\/uploads\/2025\/02\/monterra-rad-na-terenu.jpg","datePublished":"2025-02-14T09:41:34+00:00","dateModified":"2025-03-27T09:26:21+00:00","description":"Dobrodo\u0161li u Monterru! Nudimo visokokvalitetne proizvode i usluge u gra\u0111evinskom sektoru. Saznajte vi\u0161e o na\u0161im projektima i djelatnostima.","breadcrumb":{"@id":"https:\/\/monterra.hr\/sl\/#breadcrumb"},"inLanguage":"sl-SI","potentialAction":[{"@type":"ReadAction","target":["https:\/\/monterra.hr\/sl\/"]}]},{"@type":"ImageObject","inLanguage":"sl-SI","@id":"https:\/\/monterra.hr\/sl\/#primaryimage","url":"https:\/\/monterra.hr\/wp-content\/uploads\/2025\/02\/monterra-rad-na-terenu.jpg","contentUrl":"https:\/\/monterra.hr\/wp-content\/uploads\/2025\/02\/monterra-rad-na-terenu.jpg"},{"@type":"BreadcrumbList","@id":"https:\/\/monterra.hr\/sl\/#breadcrumb","itemListElement":[{"@type":"ListItem","position":1,"name":"Po\u010detna stranica","item":"https:\/\/monterra.hr\/sl\/"},{"@type":"ListItem","position":2,"name":"Doma\u010da stran"}]},{"@type":"WebSite","@id":"https:\/\/monterra.hr\/sl\/#website","url":"https:\/\/monterra.hr\/sl\/","name":"Monterra","description":"Prvi korak stabilnosti","publisher":{"@id":"https:\/\/monterra.hr\/sl\/#organization"},"potentialAction":[{"@type":"SearchAction","target":{"@type":"EntryPoint","urlTemplate":"https:\/\/monterra.hr\/sl\/?s={search_term_string}"},"query-input":{"@type":"PropertyValueSpecification","valueRequired":true,"valueName":"search_term_string"}}],"inLanguage":"sl-SI"},{"@type":"Organization","@id":"https:\/\/monterra.hr\/sl\/#organization","name":"Monterra","url":"https:\/\/monterra.hr\/sl\/","logo":{"@type":"ImageObject","inLanguage":"sl-SI","@id":"https:\/\/monterra.hr\/sl\/#\/schema\/logo\/image\/","url":"https:\/\/monterra.hr\/wp-content\/uploads\/2025\/02\/logo.png","contentUrl":"https:\/\/monterra.hr\/wp-content\/uploads\/2025\/02\/logo.png","width":300,"height":42,"caption":"Monterra"},"image":{"@id":"https:\/\/monterra.hr\/sl\/#\/schema\/logo\/image\/"}}]}},"_links":{"self":[{"href":"https:\/\/monterra.hr\/sl\/wp-json\/wp\/v2\/pages\/505","targetHints":{"allow":["GET"]}}],"collection":[{"href":"https:\/\/monterra.hr\/sl\/wp-json\/wp\/v2\/pages"}],"about":[{"href":"https:\/\/monterra.hr\/sl\/wp-json\/wp\/v2\/types\/page"}],"author":[{"embeddable":true,"href":"https:\/\/monterra.hr\/sl\/wp-json\/wp\/v2\/users\/1"}],"replies":[{"embeddable":true,"href":"https:\/\/monterra.hr\/sl\/wp-json\/wp\/v2\/comments?post=505"}],"version-history":[{"count":1,"href":"https:\/\/monterra.hr\/sl\/wp-json\/wp\/v2\/pages\/505\/revisions"}],"predecessor-version":[{"id":509,"href":"https:\/\/monterra.hr\/sl\/wp-json\/wp\/v2\/pages\/505\/revisions\/509"}],"wp:attachment":[{"href":"https:\/\/monterra.hr\/sl\/wp-json\/wp\/v2\/media?parent=505"}],"curies":[{"name":"wp","href":"https:\/\/api.w.org\/{rel}","templated":true}]}}