{"id":905,"date":"2025-08-29T12:21:25","date_gmt":"2025-08-29T10:21:25","guid":{"rendered":"https:\/\/monterra.hr\/?page_id=905"},"modified":"2025-08-29T12:31:41","modified_gmt":"2025-08-29T10:31:41","slug":"politika-piskotkov","status":"publish","type":"page","link":"https:\/\/monterra.hr\/sl\/politika-piskotkov\/","title":{"rendered":"Politika pi\u0161kotkov"},"content":{"rendered":"\n<div class=\"wp-block-group page intro alignfull position-relative mb-5 mb-md-0\"><div class=\"wp-block-group__inner-container is-layout-constrained wp-block-group-is-layout-constrained\">\n<figure class=\"wp-block-image size-full\"><img loading=\"lazy\" decoding=\"async\" width=\"1920\" height=\"1103\" src=\"https:\/\/monterra.hr\/wp-content\/uploads\/2025\/04\/DJI_0058a.jpg\" alt=\"\" class=\"wp-image-774\" srcset=\"https:\/\/monterra.hr\/wp-content\/uploads\/2025\/04\/DJI_0058a.jpg 1920w, https:\/\/monterra.hr\/wp-content\/uploads\/2025\/04\/DJI_0058a-300x172.jpg 300w, https:\/\/monterra.hr\/wp-content\/uploads\/2025\/04\/DJI_0058a-1024x588.jpg 1024w, https:\/\/monterra.hr\/wp-content\/uploads\/2025\/04\/DJI_0058a-768x441.jpg 768w, https:\/\/monterra.hr\/wp-content\/uploads\/2025\/04\/DJI_0058a-1536x882.jpg 1536w\" sizes=\"auto, (max-width: 1920px) 100vw, 1920px\" \/><\/figure>\n\n\n\n<div class=\"wp-block-columns is-layout-flex wp-container-core-columns-is-layout-9d6595d7 wp-block-columns-is-layout-flex\">\n<div class=\"wp-block-column d-flex flex-column justify-content-center has-white-color has-darkgray-background-color has-text-color has-background has-link-color wp-elements-de1790c16764bc4505a95c4c076c16da is-layout-flow wp-block-column-is-layout-flow\">\n<h1 class=\"wp-block-heading has-text-align-center mb-4 has-white-color has-text-color has-link-color wp-elements-fd7a1f1962c413da2ff3023248c89c1c\" data-aos=\"fade\" data-aos-delay=\"250\" data-aos-duration=\"500\">Politika pi\u0161kotkov<\/h1>\n\n\n\n<p class=\"has-text-align-center has-white-color has-text-color has-link-color wp-elements-e5a17941b1f6466d28bb7e5af75b4133\" data-aos=\"fade\" data-aos-delay=\"250\" data-aos-duration=\"500\">Kako in zakaj uporabljamo pi\u0161kotke<\/p>\n<\/div>\n<\/div>\n<\/div><\/div>\n\n\n\n<div class=\"wp-block-columns w-xxl-80 mx-auto gap-0 gap-xl-5 my-lg-5 py-md-3 py-lg-5 is-layout-flex wp-container-core-columns-is-layout-9d6595d7 wp-block-columns-is-layout-flex\" data-aos=\"fade-up\" data-aos-delay=\"250\" data-aos-duration=\"500\">\n<div class=\"wp-block-column pt-lg-5 mt-lg-5 is-layout-flow wp-block-column-is-layout-flow\">\n<p><strong>Zadnja posodobitev:<\/strong> 24.06.2025.<\/p>\n\n\n\n<h3 class=\"wp-block-heading\">Kaj so pi\u0161kotki?<\/h3>\n\n\n\n<p>Pi\u0161kotki so majhne besedilne datoteke, ki jih spletna stran shrani na va\u0161 ra\u010dunalnik ali mobilno napravo. Uporabljajo se za zagotavljanje pravilnega delovanja strani in za izbolj\u0161anje uporabni\u0161ke izku\u0161nje.<\/p>\n\n\n\n<h3 class=\"wp-block-heading\">Katere pi\u0161kotke uporabljamo?<\/h3>\n\n\n\n<ul class=\"wp-block-list\">\n<li><strong>Tehni\u010dno nujni pi\u0161kotki<\/strong> \u2013 potrebni za pravilno delovanje strani. Brez njih spletna stran ne more delovati.<\/li>\n\n\n\n<li><strong>Google Fonts<\/strong> \u2013 za prikaz tipografije; pisave se nalagajo z Googlovih stre\u017enikov, pri \u010demer lahko Google prejme uporabnikov IP naslov.<\/li>\n\n\n\n<li><strong>Zunanja vsebina<\/strong> \u2013 s klikom na povezave do dru\u017ebenih omre\u017eij ali z odpiranjem vsebin zunanjih storitev (npr. Instagram feed) veljajo pravila zasebnosti teh storitev.<\/li>\n<\/ul>\n\n\n\n<h3 class=\"wp-block-heading\">Kako upravljati pi\u0161kotke?<\/h3>\n\n\n\n<p>Pi\u0161kotke lahko onemogo\u010dite ali izbri\u0161ete v nastavitvah brskalnika. Upo\u0161tevajte, da lahko onemogo\u010danje tehni\u010dno nujnih pi\u0161kotkov vpliva na funkcionalnost strani.<\/p>\n<\/div>\n<\/div>\n\n\n\n<div class=\"wp-block-group banner-cta alignfull position-relative mb-5 mb-md-0\"><div class=\"wp-block-group__inner-container is-layout-constrained wp-block-group-is-layout-constrained\">\n<figure class=\"wp-block-image size-full\"><img loading=\"lazy\" decoding=\"async\" width=\"2000\" height=\"500\" src=\"https:\/\/monterra.hr\/wp-content\/uploads\/2025\/02\/monterra-djelatnosti-zastita-pokosa-1.jpg\" alt=\"\" class=\"wp-image-101\" srcset=\"https:\/\/monterra.hr\/wp-content\/uploads\/2025\/02\/monterra-djelatnosti-zastita-pokosa-1.jpg 2000w, https:\/\/monterra.hr\/wp-content\/uploads\/2025\/02\/monterra-djelatnosti-zastita-pokosa-1-300x75.jpg 300w, https:\/\/monterra.hr\/wp-content\/uploads\/2025\/02\/monterra-djelatnosti-zastita-pokosa-1-1024x256.jpg 1024w, https:\/\/monterra.hr\/wp-content\/uploads\/2025\/02\/monterra-djelatnosti-zastita-pokosa-1-768x192.jpg 768w, https:\/\/monterra.hr\/wp-content\/uploads\/2025\/02\/monterra-djelatnosti-zastita-pokosa-1-1536x384.jpg 1536w\" sizes=\"auto, (max-width: 2000px) 100vw, 2000px\" \/><\/figure>\n\n\n\n<div class=\"wp-block-columns d-flex flex-column justify-content-center is-layout-flex wp-container-core-columns-is-layout-9d6595d7 wp-block-columns-is-layout-flex\">\n<div class=\"wp-block-column d-flex flex-column justify-content-center has-white-color has-darkgray-background-color has-text-color has-background has-link-color wp-elements-7d4b9916bc71922a70ba6471643b048c is-layout-flow wp-block-column-is-layout-flow\">\n<h3 class=\"wp-block-heading has-text-align-center h1 mb-4 has-white-color has-text-color has-link-color wp-elements-d0759c656956279259536d0bac10678f\">Monterra dejavnosti<\/h3>\n\n\n\n<div class=\"wp-block-buttons is-content-justification-center is-layout-flex wp-container-core-buttons-is-layout-16018d1d wp-block-buttons-is-layout-flex\">\n<div class=\"wp-block-button\"><a class=\"wp-block-button__link wp-element-button\" href=\"https:\/\/monterra.hr\/sl\/dejavnosti\/\" rel=\"\/djelatnosti\/\">Preberi ve\u010d<\/a><\/div>\n<\/div>\n<\/div>\n<\/div>\n<\/div><\/div>\n","protected":false},"excerpt":{"rendered":"<p>Politika pi\u0161kotkov Kako in zakaj uporabljamo pi\u0161kotke Zadnja posodobitev: 24.06.2025. Kaj so pi\u0161kotki? Pi\u0161kotki so majhne besedilne datoteke, ki jih spletna stran shrani na va\u0161 ra\u010dunalnik ali mobilno napravo. Uporabljajo se za zagotavljanje pravilnega delovanja strani in za izbolj\u0161anje uporabni\u0161ke izku\u0161nje. Katere pi\u0161kotke uporabljamo? Kako upravljati pi\u0161kotke? Pi\u0161kotke lahko onemogo\u010dite ali izbri\u0161ete v nastavitvah brskalnika. <\/p>\n<p class=\"p-0 mb-0\"><a class=\"btn btn-secondary px-0 mb-0 virtualna-read-more-link\" href=\"https:\/\/monterra.hr\/sl\/politika-piskotkov\/\">Preberi ve\u010d  &#8211; &#8211; ><span class=\"screen-reader-text\"> from Politika pi\u0161kotkov<\/span><\/a><\/p>\n","protected":false},"author":2,"featured_media":0,"parent":0,"menu_order":0,"comment_status":"closed","ping_status":"closed","template":"page-templates\/editor-title.php","meta":{"footnotes":""},"class_list":["post-905","page","type-page","status-publish","hentry"],"yoast_head":"<!-- This site is optimized with the Yoast SEO plugin v24.7 - https:\/\/yoast.com\/wordpress\/plugins\/seo\/ -->\n<title>Politika pi\u0161kotkov - Monterra - Iskustvo i kvaliteta na prvom mjestu<\/title>\n<meta name=\"description\" content=\"Upoznajte Monterru \u2013 tvrtku s dugogodi\u0161njim iskustvom u inovativnim rje\u0161enjima za gra\u0111evinski sektor. Na\u0161a misija je kvaliteta i pouzdanost.\" \/>\n<meta name=\"robots\" content=\"index, follow, max-snippet:-1, max-image-preview:large, max-video-preview:-1\" \/>\n<link rel=\"canonical\" href=\"https:\/\/monterra.hr\/sl\/politika-piskotkov\/\" \/>\n<meta property=\"og:locale\" content=\"sl_SI\" \/>\n<meta property=\"og:type\" content=\"article\" \/>\n<meta property=\"og:title\" content=\"Politika pi\u0161kotkov - Monterra - Iskustvo i kvaliteta na prvom mjestu\" \/>\n<meta property=\"og:description\" content=\"Upoznajte Monterru \u2013 tvrtku s dugogodi\u0161njim iskustvom u inovativnim rje\u0161enjima za gra\u0111evinski sektor. Na\u0161a misija je kvaliteta i pouzdanost.\" \/>\n<meta property=\"og:url\" content=\"https:\/\/monterra.hr\/sl\/politika-piskotkov\/\" \/>\n<meta property=\"og:site_name\" content=\"Monterra\" \/>\n<meta property=\"article:modified_time\" content=\"2025-08-29T10:31:41+00:00\" \/>\n<meta property=\"og:image\" content=\"https:\/\/monterra.hr\/wp-content\/uploads\/2025\/04\/DJI_0058a.jpg\" \/>\n\t<meta property=\"og:image:width\" content=\"1920\" \/>\n\t<meta property=\"og:image:height\" content=\"1103\" \/>\n\t<meta property=\"og:image:type\" content=\"image\/jpeg\" \/>\n<meta name=\"twitter:card\" content=\"summary_large_image\" \/>\n<meta name=\"twitter:label1\" content=\"Est. reading time\" \/>\n\t<meta name=\"twitter:data1\" content=\"2 minuti\" \/>\n<script type=\"application\/ld+json\" class=\"yoast-schema-graph\">{\"@context\":\"https:\/\/schema.org\",\"@graph\":[{\"@type\":\"WebPage\",\"@id\":\"https:\/\/monterra.hr\/sl\/politika-piskotkov\/\",\"url\":\"https:\/\/monterra.hr\/sl\/politika-piskotkov\/\",\"name\":\"Politika pi\u0161kotkov - Monterra - Iskustvo i kvaliteta na prvom mjestu\",\"isPartOf\":{\"@id\":\"https:\/\/monterra.hr\/sl\/#website\"},\"primaryImageOfPage\":{\"@id\":\"https:\/\/monterra.hr\/sl\/politika-piskotkov\/#primaryimage\"},\"image\":{\"@id\":\"https:\/\/monterra.hr\/sl\/politika-piskotkov\/#primaryimage\"},\"thumbnailUrl\":\"https:\/\/monterra.hr\/wp-content\/uploads\/2025\/04\/DJI_0058a.jpg\",\"datePublished\":\"2025-08-29T10:21:25+00:00\",\"dateModified\":\"2025-08-29T10:31:41+00:00\",\"description\":\"Upoznajte Monterru \u2013 tvrtku s dugogodi\u0161njim iskustvom u inovativnim rje\u0161enjima za gra\u0111evinski sektor. Na\u0161a misija je kvaliteta i pouzdanost.\",\"breadcrumb\":{\"@id\":\"https:\/\/monterra.hr\/sl\/politika-piskotkov\/#breadcrumb\"},\"inLanguage\":\"sl-SI\",\"potentialAction\":[{\"@type\":\"ReadAction\",\"target\":[\"https:\/\/monterra.hr\/sl\/politika-piskotkov\/\"]}]},{\"@type\":\"ImageObject\",\"inLanguage\":\"sl-SI\",\"@id\":\"https:\/\/monterra.hr\/sl\/politika-piskotkov\/#primaryimage\",\"url\":\"https:\/\/monterra.hr\/wp-content\/uploads\/2025\/04\/DJI_0058a.jpg\",\"contentUrl\":\"https:\/\/monterra.hr\/wp-content\/uploads\/2025\/04\/DJI_0058a.jpg\"},{\"@type\":\"BreadcrumbList\",\"@id\":\"https:\/\/monterra.hr\/sl\/politika-piskotkov\/#breadcrumb\",\"itemListElement\":[{\"@type\":\"ListItem\",\"position\":1,\"name\":\"Po\u010detna stranica\",\"item\":\"https:\/\/monterra.hr\/sl\/\"},{\"@type\":\"ListItem\",\"position\":2,\"name\":\"Politika pi\u0161kotkov\"}]},{\"@type\":\"WebSite\",\"@id\":\"https:\/\/monterra.hr\/sl\/#website\",\"url\":\"https:\/\/monterra.hr\/sl\/\",\"name\":\"Monterra\",\"description\":\"Prvi korak stabilnosti\",\"publisher\":{\"@id\":\"https:\/\/monterra.hr\/sl\/#organization\"},\"potentialAction\":[{\"@type\":\"SearchAction\",\"target\":{\"@type\":\"EntryPoint\",\"urlTemplate\":\"https:\/\/monterra.hr\/sl\/?s={search_term_string}\"},\"query-input\":{\"@type\":\"PropertyValueSpecification\",\"valueRequired\":true,\"valueName\":\"search_term_string\"}}],\"inLanguage\":\"sl-SI\"},{\"@type\":\"Organization\",\"@id\":\"https:\/\/monterra.hr\/sl\/#organization\",\"name\":\"Monterra\",\"url\":\"https:\/\/monterra.hr\/sl\/\",\"logo\":{\"@type\":\"ImageObject\",\"inLanguage\":\"sl-SI\",\"@id\":\"https:\/\/monterra.hr\/sl\/#\/schema\/logo\/image\/\",\"url\":\"https:\/\/monterra.hr\/wp-content\/uploads\/2025\/02\/logo.png\",\"contentUrl\":\"https:\/\/monterra.hr\/wp-content\/uploads\/2025\/02\/logo.png\",\"width\":300,\"height\":42,\"caption\":\"Monterra\"},\"image\":{\"@id\":\"https:\/\/monterra.hr\/sl\/#\/schema\/logo\/image\/\"}}]}<\/script>\n<!-- \/ Yoast SEO plugin. -->","yoast_head_json":{"title":"Politika pi\u0161kotkov - Monterra - Iskustvo i kvaliteta na prvom mjestu","description":"Upoznajte Monterru \u2013 tvrtku s dugogodi\u0161njim iskustvom u inovativnim rje\u0161enjima za gra\u0111evinski sektor. Na\u0161a misija je kvaliteta i pouzdanost.","robots":{"index":"index","follow":"follow","max-snippet":"max-snippet:-1","max-image-preview":"max-image-preview:large","max-video-preview":"max-video-preview:-1"},"canonical":"https:\/\/monterra.hr\/sl\/politika-piskotkov\/","og_locale":"sl_SI","og_type":"article","og_title":"Politika pi\u0161kotkov - Monterra - Iskustvo i kvaliteta na prvom mjestu","og_description":"Upoznajte Monterru \u2013 tvrtku s dugogodi\u0161njim iskustvom u inovativnim rje\u0161enjima za gra\u0111evinski sektor. Na\u0161a misija je kvaliteta i pouzdanost.","og_url":"https:\/\/monterra.hr\/sl\/politika-piskotkov\/","og_site_name":"Monterra","article_modified_time":"2025-08-29T10:31:41+00:00","og_image":[{"width":1920,"height":1103,"url":"https:\/\/monterra.hr\/wp-content\/uploads\/2025\/04\/DJI_0058a.jpg","type":"image\/jpeg"}],"twitter_card":"summary_large_image","twitter_misc":{"Est. reading time":"2 minuti"},"schema":{"@context":"https:\/\/schema.org","@graph":[{"@type":"WebPage","@id":"https:\/\/monterra.hr\/sl\/politika-piskotkov\/","url":"https:\/\/monterra.hr\/sl\/politika-piskotkov\/","name":"Politika pi\u0161kotkov - Monterra - Iskustvo i kvaliteta na prvom mjestu","isPartOf":{"@id":"https:\/\/monterra.hr\/sl\/#website"},"primaryImageOfPage":{"@id":"https:\/\/monterra.hr\/sl\/politika-piskotkov\/#primaryimage"},"image":{"@id":"https:\/\/monterra.hr\/sl\/politika-piskotkov\/#primaryimage"},"thumbnailUrl":"https:\/\/monterra.hr\/wp-content\/uploads\/2025\/04\/DJI_0058a.jpg","datePublished":"2025-08-29T10:21:25+00:00","dateModified":"2025-08-29T10:31:41+00:00","description":"Upoznajte Monterru \u2013 tvrtku s dugogodi\u0161njim iskustvom u inovativnim rje\u0161enjima za gra\u0111evinski sektor. Na\u0161a misija je kvaliteta i pouzdanost.","breadcrumb":{"@id":"https:\/\/monterra.hr\/sl\/politika-piskotkov\/#breadcrumb"},"inLanguage":"sl-SI","potentialAction":[{"@type":"ReadAction","target":["https:\/\/monterra.hr\/sl\/politika-piskotkov\/"]}]},{"@type":"ImageObject","inLanguage":"sl-SI","@id":"https:\/\/monterra.hr\/sl\/politika-piskotkov\/#primaryimage","url":"https:\/\/monterra.hr\/wp-content\/uploads\/2025\/04\/DJI_0058a.jpg","contentUrl":"https:\/\/monterra.hr\/wp-content\/uploads\/2025\/04\/DJI_0058a.jpg"},{"@type":"BreadcrumbList","@id":"https:\/\/monterra.hr\/sl\/politika-piskotkov\/#breadcrumb","itemListElement":[{"@type":"ListItem","position":1,"name":"Po\u010detna stranica","item":"https:\/\/monterra.hr\/sl\/"},{"@type":"ListItem","position":2,"name":"Politika pi\u0161kotkov"}]},{"@type":"WebSite","@id":"https:\/\/monterra.hr\/sl\/#website","url":"https:\/\/monterra.hr\/sl\/","name":"Monterra","description":"Prvi korak stabilnosti","publisher":{"@id":"https:\/\/monterra.hr\/sl\/#organization"},"potentialAction":[{"@type":"SearchAction","target":{"@type":"EntryPoint","urlTemplate":"https:\/\/monterra.hr\/sl\/?s={search_term_string}"},"query-input":{"@type":"PropertyValueSpecification","valueRequired":true,"valueName":"search_term_string"}}],"inLanguage":"sl-SI"},{"@type":"Organization","@id":"https:\/\/monterra.hr\/sl\/#organization","name":"Monterra","url":"https:\/\/monterra.hr\/sl\/","logo":{"@type":"ImageObject","inLanguage":"sl-SI","@id":"https:\/\/monterra.hr\/sl\/#\/schema\/logo\/image\/","url":"https:\/\/monterra.hr\/wp-content\/uploads\/2025\/02\/logo.png","contentUrl":"https:\/\/monterra.hr\/wp-content\/uploads\/2025\/02\/logo.png","width":300,"height":42,"caption":"Monterra"},"image":{"@id":"https:\/\/monterra.hr\/sl\/#\/schema\/logo\/image\/"}}]}},"_links":{"self":[{"href":"https:\/\/monterra.hr\/sl\/wp-json\/wp\/v2\/pages\/905","targetHints":{"allow":["GET"]}}],"collection":[{"href":"https:\/\/monterra.hr\/sl\/wp-json\/wp\/v2\/pages"}],"about":[{"href":"https:\/\/monterra.hr\/sl\/wp-json\/wp\/v2\/types\/page"}],"author":[{"embeddable":true,"href":"https:\/\/monterra.hr\/sl\/wp-json\/wp\/v2\/users\/2"}],"replies":[{"embeddable":true,"href":"https:\/\/monterra.hr\/sl\/wp-json\/wp\/v2\/comments?post=905"}],"version-history":[{"count":2,"href":"https:\/\/monterra.hr\/sl\/wp-json\/wp\/v2\/pages\/905\/revisions"}],"predecessor-version":[{"id":908,"href":"https:\/\/monterra.hr\/sl\/wp-json\/wp\/v2\/pages\/905\/revisions\/908"}],"wp:attachment":[{"href":"https:\/\/monterra.hr\/sl\/wp-json\/wp\/v2\/media?parent=905"}],"curies":[{"name":"wp","href":"https:\/\/api.w.org\/{rel}","templated":true}]}}